{"id":9014,"date":"2025-08-19T15:55:09","date_gmt":"2025-08-19T13:55:09","guid":{"rendered":"https:\/\/edwood.pl\/?page_id=9014"},"modified":"2025-09-23T13:08:34","modified_gmt":"2025-09-23T11:08:34","slug":"dokumenty","status":"publish","type":"page","link":"https:\/\/pro.edwood.pl\/pl\/dokumenty\/","title":{"rendered":"Dokumenty"},"content":{"rendered":"\t\t<div data-elementor-type=\"wp-page\" data-elementor-id=\"9014\" class=\"elementor elementor-9014\" data-elementor-post-type=\"page\">\n\t\t\t\t<div class=\"elementor-element elementor-element-81aed4f e-flex e-con-boxed e-con e-parent\" data-id=\"81aed4f\" data-element_type=\"container\" data-settings=\"{&quot;background_background&quot;:&quot;classic&quot;}\">\n\t\t\t\t\t<div class=\"e-con-inner\">\n\t\t\t\t<div class=\"elementor-element elementor-element-4840565 elementor-widget elementor-widget-heading\" data-id=\"4840565\" data-element_type=\"widget\" data-widget_type=\"heading.default\">\n\t\t\t\t\t<h1 class=\"elementor-heading-title elementor-size-default\">Dokumenty<\/h1>\t\t\t\t<\/div>\n\t\t\t\t<div class=\"elementor-element elementor-element-4dc9361 elementor-widget__width-initial elementor-widget elementor-widget-text-editor\" data-id=\"4dc9361\" data-element_type=\"widget\" data-widget_type=\"text-editor.default\">\n\t\t\t\t\t\t\t\t\tWybieraj\u0105c produkty Edwood, wspierasz odpowiedzialne praktyki i przejrzysto\u015b\u0107 dzia\u0142a\u0144. Tutaj znajdziesz dokumenty, kt\u00f3re pokazuj\u0105 nasze podej\u015bcie do jako\u015bci, bezpiecze\u0144stwa i zr\u00f3wnowa\u017conego rozwoju.\t\t\t\t\t\t\t\t<\/div>\n\t\t\t\t\t<\/div>\n\t\t\t\t<\/div>\n\t\t<div class=\"elementor-element elementor-element-31fe90e e-flex e-con-boxed e-con e-parent\" data-id=\"31fe90e\" data-element_type=\"container\" data-settings=\"{&quot;background_background&quot;:&quot;classic&quot;}\">\n\t\t\t\t\t<div class=\"e-con-inner\">\n\t\t\t\t<div class=\"elementor-element elementor-element-f859620 elementor-widget elementor-widget-heading\" data-id=\"f859620\" data-element_type=\"widget\" data-widget_type=\"heading.default\">\n\t\t\t\t\t<h2 class=\"elementor-heading-title elementor-size-default\">Standardy i procedury<\/h2>\t\t\t\t<\/div>\n\t\t\t\t<div class=\"elementor-element elementor-element-e395e8f elementor-widget elementor-widget-text-editor\" data-id=\"e395e8f\" data-element_type=\"widget\" data-widget_type=\"text-editor.default\">\n\t\t\t\t\t\t\t\t\t<p>Zapoznaj si\u0119 z naszymi certyfikatami, procedurami i wytycznymi zwi\u0105zanymi z nasz\u0105 dzia\u0142alno\u015bci\u0105. Ka\u017cdy z dokument\u00f3w odzwierciedla nasze zobowi\u0105zanie do transparentno\u015bci, etycznego dzia\u0142ania i troski o \u015brodowisko.<\/p>\t\t\t\t\t\t\t\t<\/div>\n\t\t<div class=\"elementor-element elementor-element-dce8638 e-con-full e-flex e-con e-child\" data-id=\"dce8638\" data-element_type=\"container\">\n\t\t\t\t<div class=\"elementor-element elementor-element-b2bdf2f elementor-widget elementor-widget-heading\" data-id=\"b2bdf2f\" data-element_type=\"widget\" data-widget_type=\"heading.default\">\n\t\t\t\t\t<h3 class=\"elementor-heading-title elementor-size-default\">Zobacz nasze dokumenty<\/h3>\t\t\t\t<\/div>\n\t\t<div class=\"elementor-element elementor-element-ac5f6fe e-con-full e-flex e-con e-child\" data-id=\"ac5f6fe\" data-element_type=\"container\">\n\t\t\t\t<div class=\"elementor-element elementor-element-b645ee9 elementor-widget elementor-widget-button\" data-id=\"b645ee9\" data-element_type=\"widget\" data-widget_type=\"button.default\">\n\t\t\t\t\t\t\t\t\t\t<a class=\"elementor-button elementor-button-link elementor-size-sm\" href=\"https:\/\/pro.edwood.pl\/wp-content\/uploads\/2025\/08\/Edwood_WE-ARE-OAK_2025.pdf\">\n\t\t\t\t\t\t<span class=\"elementor-button-content-wrapper\">\n\t\t\t\t\t\t<span class=\"elementor-button-icon\">\n\t\t\t\t<svg xmlns=\"http:\/\/www.w3.org\/2000\/svg\" width=\"19\" height=\"21\" viewBox=\"0 0 19 21\" fill=\"none\"><g id=\"Group\"><path id=\"Vector\" d=\"M17.0769 18.5385C17.0769 18.9261 16.9229 19.2978 16.6488 19.5719C16.3748 19.846 16.003 20 15.6154 20H2.46154C2.07391 20 1.70217 19.846 1.42807 19.5719C1.15398 19.2978 1 18.9261 1 18.5385V2.46154C1 2.07391 1.15398 1.70217 1.42807 1.42807C1.70217 1.15398 2.07391 1 2.46154 1H11.9615L17.0769 6.11538V18.5385Z\" stroke=\"#3F1B00\" stroke-width=\"2\" stroke-linecap=\"round\" stroke-linejoin=\"round\"><\/path><path id=\"Vector_2\" d=\"M11.9614 11.9611L9.03831 14.8842M9.03831 14.8842L6.11523 11.9611M9.03831 14.8842V6.8457\" stroke=\"#3F1B00\" stroke-width=\"2\" stroke-linecap=\"round\" stroke-linejoin=\"round\"><\/path><\/g><\/svg>\t\t\t<\/span>\n\t\t\t\t\t\t\t\t\t<span class=\"elementor-button-text\">Katalog produktowy<\/span>\n\t\t\t\t\t<\/span>\n\t\t\t\t\t<\/a>\n\t\t\t\t\t\t\t\t<\/div>\n\t\t\t\t<\/div>\n\t\t<div class=\"elementor-element elementor-element-e3dc80d e-con-full e-flex e-con e-child\" data-id=\"e3dc80d\" data-element_type=\"container\">\n\t\t\t\t<div class=\"elementor-element elementor-element-8109201 elementor-widget elementor-widget-button\" data-id=\"8109201\" data-element_type=\"widget\" data-widget_type=\"button.default\">\n\t\t\t\t\t\t\t\t\t\t<a class=\"elementor-button elementor-button-link elementor-size-sm\" href=\"https:\/\/pro.edwood.pl\/wp-content\/uploads\/2025\/08\/Procedura-Zgloszen-Wewnetrznych.pdf\">\n\t\t\t\t\t\t<span class=\"elementor-button-content-wrapper\">\n\t\t\t\t\t\t<span class=\"elementor-button-icon\">\n\t\t\t\t<svg xmlns=\"http:\/\/www.w3.org\/2000\/svg\" width=\"19\" height=\"21\" viewBox=\"0 0 19 21\" fill=\"none\"><g id=\"Group\"><path id=\"Vector\" d=\"M17.0769 18.5385C17.0769 18.9261 16.9229 19.2978 16.6488 19.5719C16.3748 19.846 16.003 20 15.6154 20H2.46154C2.07391 20 1.70217 19.846 1.42807 19.5719C1.15398 19.2978 1 18.9261 1 18.5385V2.46154C1 2.07391 1.15398 1.70217 1.42807 1.42807C1.70217 1.15398 2.07391 1 2.46154 1H11.9615L17.0769 6.11538V18.5385Z\" stroke=\"#3F1B00\" stroke-width=\"2\" stroke-linecap=\"round\" stroke-linejoin=\"round\"><\/path><path id=\"Vector_2\" d=\"M11.9614 11.9611L9.03831 14.8842M9.03831 14.8842L6.11523 11.9611M9.03831 14.8842V6.8457\" stroke=\"#3F1B00\" stroke-width=\"2\" stroke-linecap=\"round\" stroke-linejoin=\"round\"><\/path><\/g><\/svg>\t\t\t<\/span>\n\t\t\t\t\t\t\t\t\t<span class=\"elementor-button-text\">Procedura zg\u0142osze\u0144 wewn\u0119trznych<\/span>\n\t\t\t\t\t<\/span>\n\t\t\t\t\t<\/a>\n\t\t\t\t\t\t\t\t<\/div>\n\t\t\t\t<\/div>\n\t\t<div class=\"elementor-element elementor-element-113dbbe e-con-full e-flex e-con e-child\" data-id=\"113dbbe\" data-element_type=\"container\">\n\t\t\t\t<div class=\"elementor-element elementor-element-ff34efa elementor-widget elementor-widget-button\" data-id=\"ff34efa\" data-element_type=\"widget\" data-widget_type=\"button.default\">\n\t\t\t\t\t\t\t\t\t\t<a class=\"elementor-button elementor-button-link elementor-size-sm\" href=\"https:\/\/pro.edwood.pl\/wp-content\/uploads\/2025\/08\/Standardy-Ochrony-Maloletnich.pdf\">\n\t\t\t\t\t\t<span class=\"elementor-button-content-wrapper\">\n\t\t\t\t\t\t<span class=\"elementor-button-icon\">\n\t\t\t\t<svg xmlns=\"http:\/\/www.w3.org\/2000\/svg\" width=\"19\" height=\"21\" viewBox=\"0 0 19 21\" fill=\"none\"><g id=\"Group\"><path id=\"Vector\" d=\"M17.0769 18.5385C17.0769 18.9261 16.9229 19.2978 16.6488 19.5719C16.3748 19.846 16.003 20 15.6154 20H2.46154C2.07391 20 1.70217 19.846 1.42807 19.5719C1.15398 19.2978 1 18.9261 1 18.5385V2.46154C1 2.07391 1.15398 1.70217 1.42807 1.42807C1.70217 1.15398 2.07391 1 2.46154 1H11.9615L17.0769 6.11538V18.5385Z\" stroke=\"#3F1B00\" stroke-width=\"2\" stroke-linecap=\"round\" stroke-linejoin=\"round\"><\/path><path id=\"Vector_2\" d=\"M11.9614 11.9611L9.03831 14.8842M9.03831 14.8842L6.11523 11.9611M9.03831 14.8842V6.8457\" stroke=\"#3F1B00\" stroke-width=\"2\" stroke-linecap=\"round\" stroke-linejoin=\"round\"><\/path><\/g><\/svg>\t\t\t<\/span>\n\t\t\t\t\t\t\t\t\t<span class=\"elementor-button-text\">Standardy ochrony ma\u0142oletnich przez krzywdzeniem<\/span>\n\t\t\t\t\t<\/span>\n\t\t\t\t\t<\/a>\n\t\t\t\t\t\t\t\t<\/div>\n\t\t\t\t<\/div>\n\t\t\t\t<\/div>\n\t\t<div class=\"elementor-element elementor-element-8e008d0 e-con-full e-flex e-con e-child\" data-id=\"8e008d0\" data-element_type=\"container\">\n\t\t\t\t<div class=\"elementor-element elementor-element-2e9ac82 elementor-widget elementor-widget-image\" data-id=\"2e9ac82\" data-element_type=\"widget\" data-widget_type=\"image.default\">\n\t\t\t\t\t\t\t\t\t\t\t\t\t\t\t<img fetchpriority=\"high\" decoding=\"async\" width=\"800\" height=\"565\" src=\"https:\/\/pro.edwood.pl\/wp-content\/uploads\/2025\/02\/Frame-38-2-1024x723.png\" class=\"attachment-large size-large wp-image-5548\" alt=\"\" srcset=\"https:\/\/pro.edwood.pl\/wp-content\/uploads\/2025\/02\/Frame-38-2-1024x723.png 1024w, https:\/\/pro.edwood.pl\/wp-content\/uploads\/2025\/02\/Frame-38-2-300x212.png 300w, https:\/\/pro.edwood.pl\/wp-content\/uploads\/2025\/02\/Frame-38-2-768x542.png 768w, https:\/\/pro.edwood.pl\/wp-content\/uploads\/2025\/02\/Frame-38-2.png 1200w\" sizes=\"(max-width: 800px) 100vw, 800px\" \/>\t\t\t\t\t\t\t\t\t\t\t\t\t\t\t<\/div>\n\t\t\t\t<\/div>\n\t\t\t\t\t<\/div>\n\t\t\t\t<\/div>\n\t\t\t\t<\/div>\n\t\t","protected":false},"excerpt":{"rendered":"<p>Dokumenty Wybieraj\u0105c produkty Edwood, wspierasz odpowiedzialne praktyki i przejrzysto\u015b\u0107 dzia\u0142a\u0144. Tutaj znajdziesz dokumenty, kt\u00f3re pokazuj\u0105 nasze podej\u015bcie do jako\u015bci, bezpiecze\u0144stwa i zr\u00f3wnowa\u017conego rozwoju. Standardy i procedury Zapoznaj si\u0119 z naszymi certyfikatami, procedurami i wytycznymi zwi\u0105zanymi z nasz\u0105 dzia\u0142alno\u015bci\u0105. Ka\u017cdy z dokument\u00f3w odzwierciedla nasze zobowi\u0105zanie do transparentno\u015bci, etycznego dzia\u0142ania i troski o \u015brodowisko. Zobacz nasze dokumenty [&hellip;]<\/p>\n","protected":false},"author":3,"featured_media":0,"parent":0,"menu_order":0,"comment_status":"closed","ping_status":"closed","template":"","meta":{"_acf_changed":false,"footnotes":""},"class_list":["post-9014","page","type-page","status-publish","hentry"],"acf":[],"yoast_head":"<!-- This site is optimized with the Yoast SEO plugin v26.0 - https:\/\/yoast.com\/wordpress\/plugins\/seo\/ -->\n<title>Dokumenty - edwood<\/title>\n<meta name=\"robots\" content=\"index, follow, max-snippet:-1, max-image-preview:large, max-video-preview:-1\" \/>\n<link rel=\"canonical\" href=\"https:\/\/pro.edwood.pl\/pl\/dokumenty\/\" \/>\n<meta property=\"og:locale\" content=\"pl_PL\" \/>\n<meta property=\"og:type\" content=\"article\" \/>\n<meta property=\"og:title\" content=\"Dokumenty - edwood\" \/>\n<meta property=\"og:description\" content=\"Dokumenty Wybieraj\u0105c produkty Edwood, wspierasz odpowiedzialne praktyki i przejrzysto\u015b\u0107 dzia\u0142a\u0144. Tutaj znajdziesz dokumenty, kt\u00f3re pokazuj\u0105 nasze podej\u015bcie do jako\u015bci, bezpiecze\u0144stwa i zr\u00f3wnowa\u017conego rozwoju. Standardy i procedury Zapoznaj si\u0119 z naszymi certyfikatami, procedurami i wytycznymi zwi\u0105zanymi z nasz\u0105 dzia\u0142alno\u015bci\u0105. Ka\u017cdy z dokument\u00f3w odzwierciedla nasze zobowi\u0105zanie do transparentno\u015bci, etycznego dzia\u0142ania i troski o \u015brodowisko. Zobacz nasze dokumenty [&hellip;]\" \/>\n<meta property=\"og:url\" content=\"https:\/\/pro.edwood.pl\/pl\/dokumenty\/\" \/>\n<meta property=\"og:site_name\" content=\"edwood\" \/>\n<meta property=\"article:modified_time\" content=\"2025-09-23T11:08:34+00:00\" \/>\n<meta property=\"og:image\" content=\"https:\/\/pro.edwood.pl\/wp-content\/uploads\/2025\/02\/Frame-38-2-1024x723.png\" \/>\n<meta name=\"twitter:card\" content=\"summary_large_image\" \/>\n<script type=\"application\/ld+json\" class=\"yoast-schema-graph\">{\"@context\":\"https:\/\/schema.org\",\"@graph\":[{\"@type\":\"WebPage\",\"@id\":\"https:\/\/pro.edwood.pl\/pl\/dokumenty\/\",\"url\":\"https:\/\/pro.edwood.pl\/pl\/dokumenty\/\",\"name\":\"Dokumenty - edwood\",\"isPartOf\":{\"@id\":\"https:\/\/pro.edwood.pl\/#website\"},\"primaryImageOfPage\":{\"@id\":\"https:\/\/pro.edwood.pl\/pl\/dokumenty\/#primaryimage\"},\"image\":{\"@id\":\"https:\/\/pro.edwood.pl\/pl\/dokumenty\/#primaryimage\"},\"thumbnailUrl\":\"https:\/\/pro.edwood.pl\/wp-content\/uploads\/2025\/02\/Frame-38-2-1024x723.png\",\"datePublished\":\"2025-08-19T13:55:09+00:00\",\"dateModified\":\"2025-09-23T11:08:34+00:00\",\"inLanguage\":\"pl-PL\",\"potentialAction\":[{\"@type\":\"ReadAction\",\"target\":[\"https:\/\/pro.edwood.pl\/pl\/dokumenty\/\"]}]},{\"@type\":\"ImageObject\",\"inLanguage\":\"pl-PL\",\"@id\":\"https:\/\/pro.edwood.pl\/pl\/dokumenty\/#primaryimage\",\"url\":\"https:\/\/pro.edwood.pl\/wp-content\/uploads\/2025\/02\/Frame-38-2-1024x723.png\",\"contentUrl\":\"https:\/\/pro.edwood.pl\/wp-content\/uploads\/2025\/02\/Frame-38-2-1024x723.png\"},{\"@type\":\"WebSite\",\"@id\":\"https:\/\/pro.edwood.pl\/#website\",\"url\":\"https:\/\/pro.edwood.pl\/\",\"name\":\"Edwood - We Are Oak\",\"description\":\"Polish company with a long-standing tradition in oak wood processing, offering products of the highest quality.\",\"alternateName\":\"Edwood - We have been shaping oak for 25 years\",\"potentialAction\":[{\"@type\":\"SearchAction\",\"target\":{\"@type\":\"EntryPoint\",\"urlTemplate\":\"https:\/\/pro.edwood.pl\/?s={search_term_string}\"},\"query-input\":{\"@type\":\"PropertyValueSpecification\",\"valueRequired\":true,\"valueName\":\"search_term_string\"}}],\"inLanguage\":\"pl-PL\"}]}<\/script>\n<!-- \/ Yoast SEO plugin. -->","yoast_head_json":{"title":"Dokumenty - edwood","robots":{"index":"index","follow":"follow","max-snippet":"max-snippet:-1","max-image-preview":"max-image-preview:large","max-video-preview":"max-video-preview:-1"},"canonical":"https:\/\/pro.edwood.pl\/pl\/dokumenty\/","og_locale":"pl_PL","og_type":"article","og_title":"Dokumenty - edwood","og_description":"Dokumenty Wybieraj\u0105c produkty Edwood, wspierasz odpowiedzialne praktyki i przejrzysto\u015b\u0107 dzia\u0142a\u0144. Tutaj znajdziesz dokumenty, kt\u00f3re pokazuj\u0105 nasze podej\u015bcie do jako\u015bci, bezpiecze\u0144stwa i zr\u00f3wnowa\u017conego rozwoju. Standardy i procedury Zapoznaj si\u0119 z naszymi certyfikatami, procedurami i wytycznymi zwi\u0105zanymi z nasz\u0105 dzia\u0142alno\u015bci\u0105. Ka\u017cdy z dokument\u00f3w odzwierciedla nasze zobowi\u0105zanie do transparentno\u015bci, etycznego dzia\u0142ania i troski o \u015brodowisko. Zobacz nasze dokumenty [&hellip;]","og_url":"https:\/\/pro.edwood.pl\/pl\/dokumenty\/","og_site_name":"edwood","article_modified_time":"2025-09-23T11:08:34+00:00","og_image":[{"url":"https:\/\/pro.edwood.pl\/wp-content\/uploads\/2025\/02\/Frame-38-2-1024x723.png","type":"","width":"","height":""}],"twitter_card":"summary_large_image","schema":{"@context":"https:\/\/schema.org","@graph":[{"@type":"WebPage","@id":"https:\/\/pro.edwood.pl\/pl\/dokumenty\/","url":"https:\/\/pro.edwood.pl\/pl\/dokumenty\/","name":"Dokumenty - edwood","isPartOf":{"@id":"https:\/\/pro.edwood.pl\/#website"},"primaryImageOfPage":{"@id":"https:\/\/pro.edwood.pl\/pl\/dokumenty\/#primaryimage"},"image":{"@id":"https:\/\/pro.edwood.pl\/pl\/dokumenty\/#primaryimage"},"thumbnailUrl":"https:\/\/pro.edwood.pl\/wp-content\/uploads\/2025\/02\/Frame-38-2-1024x723.png","datePublished":"2025-08-19T13:55:09+00:00","dateModified":"2025-09-23T11:08:34+00:00","inLanguage":"pl-PL","potentialAction":[{"@type":"ReadAction","target":["https:\/\/pro.edwood.pl\/pl\/dokumenty\/"]}]},{"@type":"ImageObject","inLanguage":"pl-PL","@id":"https:\/\/pro.edwood.pl\/pl\/dokumenty\/#primaryimage","url":"https:\/\/pro.edwood.pl\/wp-content\/uploads\/2025\/02\/Frame-38-2-1024x723.png","contentUrl":"https:\/\/pro.edwood.pl\/wp-content\/uploads\/2025\/02\/Frame-38-2-1024x723.png"},{"@type":"WebSite","@id":"https:\/\/pro.edwood.pl\/#website","url":"https:\/\/pro.edwood.pl\/","name":"Edwood - We Are Oak","description":"Polish company with a long-standing tradition in oak wood processing, offering products of the highest quality.","alternateName":"Edwood - We have been shaping oak for 25 years","potentialAction":[{"@type":"SearchAction","target":{"@type":"EntryPoint","urlTemplate":"https:\/\/pro.edwood.pl\/?s={search_term_string}"},"query-input":{"@type":"PropertyValueSpecification","valueRequired":true,"valueName":"search_term_string"}}],"inLanguage":"pl-PL"}]}},"_links":{"self":[{"href":"https:\/\/pro.edwood.pl\/pl\/wp-json\/wp\/v2\/pages\/9014","targetHints":{"allow":["GET"]}}],"collection":[{"href":"https:\/\/pro.edwood.pl\/pl\/wp-json\/wp\/v2\/pages"}],"about":[{"href":"https:\/\/pro.edwood.pl\/pl\/wp-json\/wp\/v2\/types\/page"}],"author":[{"embeddable":true,"href":"https:\/\/pro.edwood.pl\/pl\/wp-json\/wp\/v2\/users\/3"}],"replies":[{"embeddable":true,"href":"https:\/\/pro.edwood.pl\/pl\/wp-json\/wp\/v2\/comments?post=9014"}],"version-history":[{"count":16,"href":"https:\/\/pro.edwood.pl\/pl\/wp-json\/wp\/v2\/pages\/9014\/revisions"}],"predecessor-version":[{"id":9458,"href":"https:\/\/pro.edwood.pl\/pl\/wp-json\/wp\/v2\/pages\/9014\/revisions\/9458"}],"wp:attachment":[{"href":"https:\/\/pro.edwood.pl\/pl\/wp-json\/wp\/v2\/media?parent=9014"}],"curies":[{"name":"wp","href":"https:\/\/api.w.org\/{rel}","templated":true}]}}