{"id":9018,"date":"2025-08-19T15:55:09","date_gmt":"2025-08-19T13:55:09","guid":{"rendered":"https:\/\/edwood.pl\/?page_id=9018"},"modified":"2025-09-23T13:32:36","modified_gmt":"2025-09-23T11:32:36","slug":"documents","status":"publish","type":"page","link":"https:\/\/pro.edwood.pl\/fr\/documents\/","title":{"rendered":"Documents"},"content":{"rendered":"\t\t<div data-elementor-type=\"wp-page\" data-elementor-id=\"9018\" class=\"elementor elementor-9018 elementor-9014\" data-elementor-post-type=\"page\">\n\t\t\t\t<div class=\"elementor-element elementor-element-81aed4f e-flex e-con-boxed e-con e-parent\" data-id=\"81aed4f\" data-element_type=\"container\" data-settings=\"{&quot;background_background&quot;:&quot;classic&quot;}\">\n\t\t\t\t\t<div class=\"e-con-inner\">\n\t\t\t\t<div class=\"elementor-element elementor-element-4840565 elementor-widget elementor-widget-heading\" data-id=\"4840565\" data-element_type=\"widget\" data-widget_type=\"heading.default\">\n\t\t\t\t\t<h1 class=\"elementor-heading-title elementor-size-default\">Documents<\/h1>\t\t\t\t<\/div>\n\t\t\t\t<div class=\"elementor-element elementor-element-4dc9361 elementor-widget__width-initial elementor-widget elementor-widget-text-editor\" data-id=\"4dc9361\" data-element_type=\"widget\" data-widget_type=\"text-editor.default\">\n\t\t\t\t\t\t\t\t\tEn choisissant les produits Edwood, vous soutenez des pratiques responsables et la transparence des activit\u00e9s. Vous trouverez ici des documents qui illustrent notre approche en mati\u00e8re de qualit\u00e9, de s\u00e9curit\u00e9 et de d\u00e9veloppement durable.\t\t\t\t\t\t\t\t<\/div>\n\t\t\t\t\t<\/div>\n\t\t\t\t<\/div>\n\t\t<div class=\"elementor-element elementor-element-31fe90e e-flex e-con-boxed e-con e-parent\" data-id=\"31fe90e\" data-element_type=\"container\" data-settings=\"{&quot;background_background&quot;:&quot;classic&quot;}\">\n\t\t\t\t\t<div class=\"e-con-inner\">\n\t\t\t\t<div class=\"elementor-element elementor-element-f859620 elementor-widget elementor-widget-heading\" data-id=\"f859620\" data-element_type=\"widget\" data-widget_type=\"heading.default\">\n\t\t\t\t\t<h2 class=\"elementor-heading-title elementor-size-default\">Normes et proc\u00e9dures<\/h2>\t\t\t\t<\/div>\n\t\t\t\t<div class=\"elementor-element elementor-element-e395e8f elementor-widget elementor-widget-text-editor\" data-id=\"e395e8f\" data-element_type=\"widget\" data-widget_type=\"text-editor.default\">\n\t\t\t\t\t\t\t\t\tConsultez nos proc\u00e9dures et directives relatives \u00e0 nos activit\u00e9s. Chaque document refl\u00e8te notre engagement en faveur de la transparence, de l&rsquo;\u00e9thique et du respect de l&rsquo;environnement.\t\t\t\t\t\t\t\t<\/div>\n\t\t<div class=\"elementor-element elementor-element-dce8638 e-con-full e-flex e-con e-child\" data-id=\"dce8638\" data-element_type=\"container\">\n\t\t\t\t<div class=\"elementor-element elementor-element-b2bdf2f elementor-widget elementor-widget-heading\" data-id=\"b2bdf2f\" data-element_type=\"widget\" data-widget_type=\"heading.default\">\n\t\t\t\t\t<h3 class=\"elementor-heading-title elementor-size-default\">Consultez nos documents<\/h3>\t\t\t\t<\/div>\n\t\t<div class=\"elementor-element elementor-element-ac5f6fe e-con-full e-flex e-con e-child\" data-id=\"ac5f6fe\" data-element_type=\"container\">\n\t\t\t\t<div class=\"elementor-element elementor-element-b645ee9 elementor-widget elementor-widget-button\" data-id=\"b645ee9\" data-element_type=\"widget\" data-widget_type=\"button.default\">\n\t\t\t\t\t\t\t\t\t\t<a class=\"elementor-button elementor-button-link elementor-size-sm\" href=\"https:\/\/pro.edwood.pl\/wp-content\/uploads\/2025\/08\/Edwood_WE-ARE-OAK_2025.pdf\">\n\t\t\t\t\t\t<span class=\"elementor-button-content-wrapper\">\n\t\t\t\t\t\t<span class=\"elementor-button-icon\">\n\t\t\t\t<svg xmlns=\"http:\/\/www.w3.org\/2000\/svg\" width=\"19\" height=\"21\" viewBox=\"0 0 19 21\" fill=\"none\"><g id=\"Group\"><path id=\"Vector\" d=\"M17.0769 18.5385C17.0769 18.9261 16.9229 19.2978 16.6488 19.5719C16.3748 19.846 16.003 20 15.6154 20H2.46154C2.07391 20 1.70217 19.846 1.42807 19.5719C1.15398 19.2978 1 18.9261 1 18.5385V2.46154C1 2.07391 1.15398 1.70217 1.42807 1.42807C1.70217 1.15398 2.07391 1 2.46154 1H11.9615L17.0769 6.11538V18.5385Z\" stroke=\"#3F1B00\" stroke-width=\"2\" stroke-linecap=\"round\" stroke-linejoin=\"round\"><\/path><path id=\"Vector_2\" d=\"M11.9614 11.9611L9.03831 14.8842M9.03831 14.8842L6.11523 11.9611M9.03831 14.8842V6.8457\" stroke=\"#3F1B00\" stroke-width=\"2\" stroke-linecap=\"round\" stroke-linejoin=\"round\"><\/path><\/g><\/svg>\t\t\t<\/span>\n\t\t\t\t\t\t\t\t\t<span class=\"elementor-button-text\">Catalogue<\/span>\n\t\t\t\t\t<\/span>\n\t\t\t\t\t<\/a>\n\t\t\t\t\t\t\t\t<\/div>\n\t\t\t\t<\/div>\n\t\t<div class=\"elementor-element elementor-element-d09db38 e-con-full e-flex e-con e-child\" data-id=\"d09db38\" data-element_type=\"container\">\n\t\t\t\t<div class=\"elementor-element elementor-element-911847e elementor-widget elementor-widget-button\" data-id=\"911847e\" data-element_type=\"widget\" data-widget_type=\"button.default\">\n\t\t\t\t\t\t\t\t\t\t<a class=\"elementor-button elementor-button-link elementor-size-sm\" href=\"https:\/\/pro.edwood.pl\/wp-content\/uploads\/2025\/08\/Procedura-Zgloszen-Wewnetrznych.pdf\">\n\t\t\t\t\t\t<span class=\"elementor-button-content-wrapper\">\n\t\t\t\t\t\t<span class=\"elementor-button-icon\">\n\t\t\t\t<svg xmlns=\"http:\/\/www.w3.org\/2000\/svg\" width=\"19\" height=\"21\" viewBox=\"0 0 19 21\" fill=\"none\"><g id=\"Group\"><path id=\"Vector\" d=\"M17.0769 18.5385C17.0769 18.9261 16.9229 19.2978 16.6488 19.5719C16.3748 19.846 16.003 20 15.6154 20H2.46154C2.07391 20 1.70217 19.846 1.42807 19.5719C1.15398 19.2978 1 18.9261 1 18.5385V2.46154C1 2.07391 1.15398 1.70217 1.42807 1.42807C1.70217 1.15398 2.07391 1 2.46154 1H11.9615L17.0769 6.11538V18.5385Z\" stroke=\"#3F1B00\" stroke-width=\"2\" stroke-linecap=\"round\" stroke-linejoin=\"round\"><\/path><path id=\"Vector_2\" d=\"M11.9614 11.9611L9.03831 14.8842M9.03831 14.8842L6.11523 11.9611M9.03831 14.8842V6.8457\" stroke=\"#3F1B00\" stroke-width=\"2\" stroke-linecap=\"round\" stroke-linejoin=\"round\"><\/path><\/g><\/svg>\t\t\t<\/span>\n\t\t\t\t\t\t\t\t\t<span class=\"elementor-button-text\">Proc\u00e9dure de signalement interne<\/span>\n\t\t\t\t\t<\/span>\n\t\t\t\t\t<\/a>\n\t\t\t\t\t\t\t\t<\/div>\n\t\t\t\t<\/div>\n\t\t<div class=\"elementor-element elementor-element-5415d40 e-con-full e-flex e-con e-child\" data-id=\"5415d40\" data-element_type=\"container\">\n\t\t\t\t<div class=\"elementor-element elementor-element-c9ddf71 elementor-widget elementor-widget-button\" data-id=\"c9ddf71\" data-element_type=\"widget\" data-widget_type=\"button.default\">\n\t\t\t\t\t\t\t\t\t\t<a class=\"elementor-button elementor-button-link elementor-size-sm\" href=\"https:\/\/pro.edwood.pl\/wp-content\/uploads\/2025\/08\/Standardy-Ochrony-Maloletnich.pdf\">\n\t\t\t\t\t\t<span class=\"elementor-button-content-wrapper\">\n\t\t\t\t\t\t<span class=\"elementor-button-icon\">\n\t\t\t\t<svg xmlns=\"http:\/\/www.w3.org\/2000\/svg\" width=\"19\" height=\"21\" viewBox=\"0 0 19 21\" fill=\"none\"><g id=\"Group\"><path id=\"Vector\" d=\"M17.0769 18.5385C17.0769 18.9261 16.9229 19.2978 16.6488 19.5719C16.3748 19.846 16.003 20 15.6154 20H2.46154C2.07391 20 1.70217 19.846 1.42807 19.5719C1.15398 19.2978 1 18.9261 1 18.5385V2.46154C1 2.07391 1.15398 1.70217 1.42807 1.42807C1.70217 1.15398 2.07391 1 2.46154 1H11.9615L17.0769 6.11538V18.5385Z\" stroke=\"#3F1B00\" stroke-width=\"2\" stroke-linecap=\"round\" stroke-linejoin=\"round\"><\/path><path id=\"Vector_2\" d=\"M11.9614 11.9611L9.03831 14.8842M9.03831 14.8842L6.11523 11.9611M9.03831 14.8842V6.8457\" stroke=\"#3F1B00\" stroke-width=\"2\" stroke-linecap=\"round\" stroke-linejoin=\"round\"><\/path><\/g><\/svg>\t\t\t<\/span>\n\t\t\t\t\t\t\t\t\t<span class=\"elementor-button-text\">Normes relatives \u00e0 la protection des mineurs contre les mauvais traitements<\/span>\n\t\t\t\t\t<\/span>\n\t\t\t\t\t<\/a>\n\t\t\t\t\t\t\t\t<\/div>\n\t\t\t\t<\/div>\n\t\t\t\t<\/div>\n\t\t<div class=\"elementor-element elementor-element-8e008d0 e-con-full e-flex e-con e-child\" data-id=\"8e008d0\" data-element_type=\"container\">\n\t\t\t\t<div class=\"elementor-element elementor-element-2e9ac82 elementor-widget elementor-widget-image\" data-id=\"2e9ac82\" data-element_type=\"widget\" data-widget_type=\"image.default\">\n\t\t\t\t\t\t\t\t\t\t\t\t\t\t\t<img fetchpriority=\"high\" decoding=\"async\" width=\"800\" height=\"565\" src=\"https:\/\/pro.edwood.pl\/wp-content\/uploads\/2025\/02\/Frame-38-2-1024x723.png\" class=\"attachment-large size-large wp-image-5546\" alt=\"\" srcset=\"https:\/\/pro.edwood.pl\/wp-content\/uploads\/2025\/02\/Frame-38-2-1024x723.png 1024w, https:\/\/pro.edwood.pl\/wp-content\/uploads\/2025\/02\/Frame-38-2-300x212.png 300w, https:\/\/pro.edwood.pl\/wp-content\/uploads\/2025\/02\/Frame-38-2-768x542.png 768w, https:\/\/pro.edwood.pl\/wp-content\/uploads\/2025\/02\/Frame-38-2.png 1200w\" sizes=\"(max-width: 800px) 100vw, 800px\" \/>\t\t\t\t\t\t\t\t\t\t\t\t\t\t\t<\/div>\n\t\t\t\t<\/div>\n\t\t\t\t\t<\/div>\n\t\t\t\t<\/div>\n\t\t\t\t<\/div>\n\t\t","protected":false},"excerpt":{"rendered":"<p>Documents En choisissant les produits Edwood, vous soutenez des pratiques responsables et la transparence des activit\u00e9s. Vous trouverez ici des documents qui illustrent notre approche en mati\u00e8re de qualit\u00e9, de s\u00e9curit\u00e9 et de d\u00e9veloppement durable. Normes et proc\u00e9dures Consultez nos proc\u00e9dures et directives relatives \u00e0 nos activit\u00e9s. Chaque document refl\u00e8te notre engagement en faveur de [&hellip;]<\/p>\n","protected":false},"author":3,"featured_media":0,"parent":0,"menu_order":0,"comment_status":"closed","ping_status":"closed","template":"","meta":{"_acf_changed":false,"footnotes":""},"class_list":["post-9018","page","type-page","status-publish","hentry"],"acf":[],"yoast_head":"<!-- This site is optimized with the Yoast SEO plugin v26.0 - https:\/\/yoast.com\/wordpress\/plugins\/seo\/ -->\n<title>Documents - edwood<\/title>\n<meta name=\"robots\" content=\"index, follow, max-snippet:-1, max-image-preview:large, max-video-preview:-1\" \/>\n<link rel=\"canonical\" href=\"https:\/\/pro.edwood.pl\/fr\/documents\/\" \/>\n<meta property=\"og:locale\" content=\"fr_FR\" \/>\n<meta property=\"og:type\" content=\"article\" \/>\n<meta property=\"og:title\" content=\"Documents - edwood\" \/>\n<meta property=\"og:description\" content=\"Documents En choisissant les produits Edwood, vous soutenez des pratiques responsables et la transparence des activit\u00e9s. Vous trouverez ici des documents qui illustrent notre approche en mati\u00e8re de qualit\u00e9, de s\u00e9curit\u00e9 et de d\u00e9veloppement durable. Normes et proc\u00e9dures Consultez nos proc\u00e9dures et directives relatives \u00e0 nos activit\u00e9s. Chaque document refl\u00e8te notre engagement en faveur de [&hellip;]\" \/>\n<meta property=\"og:url\" content=\"https:\/\/pro.edwood.pl\/fr\/documents\/\" \/>\n<meta property=\"og:site_name\" content=\"edwood\" \/>\n<meta property=\"article:modified_time\" content=\"2025-09-23T11:32:36+00:00\" \/>\n<meta property=\"og:image\" content=\"https:\/\/pro.edwood.pl\/wp-content\/uploads\/2025\/02\/Frame-38-2-1024x723.png\" \/>\n<meta name=\"twitter:card\" content=\"summary_large_image\" \/>\n<script type=\"application\/ld+json\" class=\"yoast-schema-graph\">{\"@context\":\"https:\/\/schema.org\",\"@graph\":[{\"@type\":\"WebPage\",\"@id\":\"https:\/\/pro.edwood.pl\/fr\/documents\/\",\"url\":\"https:\/\/pro.edwood.pl\/fr\/documents\/\",\"name\":\"Documents - edwood\",\"isPartOf\":{\"@id\":\"https:\/\/pro.edwood.pl\/#website\"},\"primaryImageOfPage\":{\"@id\":\"https:\/\/pro.edwood.pl\/fr\/documents\/#primaryimage\"},\"image\":{\"@id\":\"https:\/\/pro.edwood.pl\/fr\/documents\/#primaryimage\"},\"thumbnailUrl\":\"https:\/\/pro.edwood.pl\/wp-content\/uploads\/2025\/02\/Frame-38-2-1024x723.png\",\"datePublished\":\"2025-08-19T13:55:09+00:00\",\"dateModified\":\"2025-09-23T11:32:36+00:00\",\"inLanguage\":\"fr-FR\",\"potentialAction\":[{\"@type\":\"ReadAction\",\"target\":[\"https:\/\/pro.edwood.pl\/fr\/documents\/\"]}]},{\"@type\":\"ImageObject\",\"inLanguage\":\"fr-FR\",\"@id\":\"https:\/\/pro.edwood.pl\/fr\/documents\/#primaryimage\",\"url\":\"https:\/\/pro.edwood.pl\/wp-content\/uploads\/2025\/02\/Frame-38-2-1024x723.png\",\"contentUrl\":\"https:\/\/pro.edwood.pl\/wp-content\/uploads\/2025\/02\/Frame-38-2-1024x723.png\"},{\"@type\":\"WebSite\",\"@id\":\"https:\/\/pro.edwood.pl\/#website\",\"url\":\"https:\/\/pro.edwood.pl\/\",\"name\":\"Edwood - We Are Oak\",\"description\":\"Polish company with a long-standing tradition in oak wood processing, offering products of the highest quality.\",\"alternateName\":\"Edwood - We have been shaping oak for 25 years\",\"potentialAction\":[{\"@type\":\"SearchAction\",\"target\":{\"@type\":\"EntryPoint\",\"urlTemplate\":\"https:\/\/pro.edwood.pl\/?s={search_term_string}\"},\"query-input\":{\"@type\":\"PropertyValueSpecification\",\"valueRequired\":true,\"valueName\":\"search_term_string\"}}],\"inLanguage\":\"fr-FR\"}]}<\/script>\n<!-- \/ Yoast SEO plugin. -->","yoast_head_json":{"title":"Documents - edwood","robots":{"index":"index","follow":"follow","max-snippet":"max-snippet:-1","max-image-preview":"max-image-preview:large","max-video-preview":"max-video-preview:-1"},"canonical":"https:\/\/pro.edwood.pl\/fr\/documents\/","og_locale":"fr_FR","og_type":"article","og_title":"Documents - edwood","og_description":"Documents En choisissant les produits Edwood, vous soutenez des pratiques responsables et la transparence des activit\u00e9s. Vous trouverez ici des documents qui illustrent notre approche en mati\u00e8re de qualit\u00e9, de s\u00e9curit\u00e9 et de d\u00e9veloppement durable. Normes et proc\u00e9dures Consultez nos proc\u00e9dures et directives relatives \u00e0 nos activit\u00e9s. Chaque document refl\u00e8te notre engagement en faveur de [&hellip;]","og_url":"https:\/\/pro.edwood.pl\/fr\/documents\/","og_site_name":"edwood","article_modified_time":"2025-09-23T11:32:36+00:00","og_image":[{"url":"https:\/\/pro.edwood.pl\/wp-content\/uploads\/2025\/02\/Frame-38-2-1024x723.png","type":"","width":"","height":""}],"twitter_card":"summary_large_image","schema":{"@context":"https:\/\/schema.org","@graph":[{"@type":"WebPage","@id":"https:\/\/pro.edwood.pl\/fr\/documents\/","url":"https:\/\/pro.edwood.pl\/fr\/documents\/","name":"Documents - edwood","isPartOf":{"@id":"https:\/\/pro.edwood.pl\/#website"},"primaryImageOfPage":{"@id":"https:\/\/pro.edwood.pl\/fr\/documents\/#primaryimage"},"image":{"@id":"https:\/\/pro.edwood.pl\/fr\/documents\/#primaryimage"},"thumbnailUrl":"https:\/\/pro.edwood.pl\/wp-content\/uploads\/2025\/02\/Frame-38-2-1024x723.png","datePublished":"2025-08-19T13:55:09+00:00","dateModified":"2025-09-23T11:32:36+00:00","inLanguage":"fr-FR","potentialAction":[{"@type":"ReadAction","target":["https:\/\/pro.edwood.pl\/fr\/documents\/"]}]},{"@type":"ImageObject","inLanguage":"fr-FR","@id":"https:\/\/pro.edwood.pl\/fr\/documents\/#primaryimage","url":"https:\/\/pro.edwood.pl\/wp-content\/uploads\/2025\/02\/Frame-38-2-1024x723.png","contentUrl":"https:\/\/pro.edwood.pl\/wp-content\/uploads\/2025\/02\/Frame-38-2-1024x723.png"},{"@type":"WebSite","@id":"https:\/\/pro.edwood.pl\/#website","url":"https:\/\/pro.edwood.pl\/","name":"Edwood - We Are Oak","description":"Polish company with a long-standing tradition in oak wood processing, offering products of the highest quality.","alternateName":"Edwood - We have been shaping oak for 25 years","potentialAction":[{"@type":"SearchAction","target":{"@type":"EntryPoint","urlTemplate":"https:\/\/pro.edwood.pl\/?s={search_term_string}"},"query-input":{"@type":"PropertyValueSpecification","valueRequired":true,"valueName":"search_term_string"}}],"inLanguage":"fr-FR"}]}},"_links":{"self":[{"href":"https:\/\/pro.edwood.pl\/fr\/wp-json\/wp\/v2\/pages\/9018","targetHints":{"allow":["GET"]}}],"collection":[{"href":"https:\/\/pro.edwood.pl\/fr\/wp-json\/wp\/v2\/pages"}],"about":[{"href":"https:\/\/pro.edwood.pl\/fr\/wp-json\/wp\/v2\/types\/page"}],"author":[{"embeddable":true,"href":"https:\/\/pro.edwood.pl\/fr\/wp-json\/wp\/v2\/users\/3"}],"replies":[{"embeddable":true,"href":"https:\/\/pro.edwood.pl\/fr\/wp-json\/wp\/v2\/comments?post=9018"}],"version-history":[{"count":15,"href":"https:\/\/pro.edwood.pl\/fr\/wp-json\/wp\/v2\/pages\/9018\/revisions"}],"predecessor-version":[{"id":9464,"href":"https:\/\/pro.edwood.pl\/fr\/wp-json\/wp\/v2\/pages\/9018\/revisions\/9464"}],"wp:attachment":[{"href":"https:\/\/pro.edwood.pl\/fr\/wp-json\/wp\/v2\/media?parent=9018"}],"curies":[{"name":"wp","href":"https:\/\/api.w.org\/{rel}","templated":true}]}}