{"id":7457,"date":"2025-02-14T16:26:48","date_gmt":"2025-02-14T15:26:48","guid":{"rendered":"https:\/\/edwood.pl\/suppliers\/"},"modified":"2025-06-02T09:19:42","modified_gmt":"2025-06-02T07:19:42","slug":"lieferanten","status":"publish","type":"page","link":"https:\/\/pro.edwood.pl\/de\/lieferanten\/","title":{"rendered":"Lieferanten"},"content":{"rendered":"\t\t<div data-elementor-type=\"wp-page\" data-elementor-id=\"7457\" class=\"elementor elementor-7457 elementor-287\" data-elementor-post-type=\"page\">\n\t\t\t\t<div class=\"elementor-element elementor-element-b5efdeb e-flex e-con-boxed e-con e-parent\" data-id=\"b5efdeb\" data-element_type=\"container\" data-settings=\"{&quot;background_background&quot;:&quot;classic&quot;}\">\n\t\t\t\t\t<div class=\"e-con-inner\">\n\t\t\t\t<div class=\"elementor-element elementor-element-8b1cef3 elementor-widget elementor-widget-heading\" data-id=\"8b1cef3\" data-element_type=\"widget\" data-widget_type=\"heading.default\">\n\t\t\t\t\t<h2 class=\"elementor-heading-title elementor-size-default\">F\u00fcr Lieferanten<\/h2>\t\t\t\t<\/div>\n\t\t\t\t<div class=\"elementor-element elementor-element-882058c elementor-widget elementor-widget-text-editor\" data-id=\"882058c\" data-element_type=\"widget\" data-widget_type=\"text-editor.default\">\n\t\t\t\t\t\t\t\t\tSt\u00e4ndige Nachfrage nach gro\u00dfen Mengen von Eichen-, Eschen-, Nussbaum- und Buchenholzelementen in verschiedenen Querschnitten und Qualit\u00e4tsstufen. Wir arbeiten mit Lieferanten aus dem In- und Ausland zusammen.\t\t\t\t\t\t\t\t<\/div>\n\t\t\t\t<div class=\"elementor-element elementor-element-400ff8d elementor-widget elementor-widget-image\" data-id=\"400ff8d\" data-element_type=\"widget\" data-widget_type=\"image.default\">\n\t\t\t\t\t\t\t\t\t\t\t\t\t\t\t<img fetchpriority=\"high\" decoding=\"async\" width=\"800\" height=\"472\" src=\"https:\/\/pro.edwood.pl\/wp-content\/uploads\/2025\/02\/shutterstock_1764022082-4-2-1024x604.png\" class=\"attachment-large size-large wp-image-5647\" alt=\"\" srcset=\"https:\/\/pro.edwood.pl\/wp-content\/uploads\/2025\/02\/shutterstock_1764022082-4-2-1024x604.png 1024w, https:\/\/pro.edwood.pl\/wp-content\/uploads\/2025\/02\/shutterstock_1764022082-4-2-300x177.png 300w, https:\/\/pro.edwood.pl\/wp-content\/uploads\/2025\/02\/shutterstock_1764022082-4-2-768x453.png 768w, https:\/\/pro.edwood.pl\/wp-content\/uploads\/2025\/02\/shutterstock_1764022082-4-2.png 1220w\" sizes=\"(max-width: 800px) 100vw, 800px\" \/>\t\t\t\t\t\t\t\t\t\t\t\t\t\t\t<\/div>\n\t\t\t\t<div class=\"elementor-element elementor-element-c83c549 elementor-widget elementor-widget-text-editor\" data-id=\"c83c549\" data-element_type=\"widget\" data-widget_type=\"text-editor.default\">\n\t\t\t\t\t\t\t\t\tSt\u00e4ndige Nachfrage nach gro\u00dfen Mengen von Eichen-, Eschen-, Nussbaum- und Buchenholzteilen in verschiedenen Querschnitten und Qualit\u00e4tsstufen. Wir arbeiten mit Lieferanten aus dem In- und Ausland zusammen.\t\t\t\t\t\t\t\t<\/div>\n\t\t<div class=\"elementor-element elementor-element-7a990f7 e-con-full e-flex e-con e-child\" data-id=\"7a990f7\" data-element_type=\"container\">\n\t\t\t\t<div class=\"elementor-element elementor-element-7db01fd elementor-widget elementor-widget-image\" data-id=\"7db01fd\" data-element_type=\"widget\" data-widget_type=\"image.default\">\n\t\t\t\t\t\t\t\t\t\t\t\t\t\t\t<img decoding=\"async\" width=\"590\" height=\"373\" src=\"https:\/\/pro.edwood.pl\/wp-content\/uploads\/2025\/02\/shutterstock_1764022082-3-3-2.png\" class=\"attachment-large size-large wp-image-5655\" alt=\"\" srcset=\"https:\/\/pro.edwood.pl\/wp-content\/uploads\/2025\/02\/shutterstock_1764022082-3-3-2.png 590w, https:\/\/pro.edwood.pl\/wp-content\/uploads\/2025\/02\/shutterstock_1764022082-3-3-2-300x190.png 300w\" sizes=\"(max-width: 590px) 100vw, 590px\" \/>\t\t\t\t\t\t\t\t\t\t\t\t\t\t\t<\/div>\n\t\t\t\t<div class=\"elementor-element elementor-element-923b3bf elementor-widget elementor-widget-image\" data-id=\"923b3bf\" data-element_type=\"widget\" data-widget_type=\"image.default\">\n\t\t\t\t\t\t\t\t\t\t\t\t\t\t\t<img decoding=\"async\" width=\"590\" height=\"373\" src=\"https:\/\/pro.edwood.pl\/wp-content\/uploads\/2025\/02\/shutterstock_1764022082-4-3-2.png\" class=\"attachment-large size-large wp-image-5659\" alt=\"\" srcset=\"https:\/\/pro.edwood.pl\/wp-content\/uploads\/2025\/02\/shutterstock_1764022082-4-3-2.png 590w, https:\/\/pro.edwood.pl\/wp-content\/uploads\/2025\/02\/shutterstock_1764022082-4-3-2-300x190.png 300w\" sizes=\"(max-width: 590px) 100vw, 590px\" \/>\t\t\t\t\t\t\t\t\t\t\t\t\t\t\t<\/div>\n\t\t\t\t<\/div>\n\t\t\t\t<div class=\"elementor-element elementor-element-951fae5 elementor-widget elementor-widget-text-editor\" data-id=\"951fae5\" data-element_type=\"widget\" data-widget_type=\"text-editor.default\">\n\t\t\t\t\t\t\t\t\tBitte wenden Sie sich direkt an die Einkaufsabteilung:\t\t\t\t\t\t\t\t<\/div>\n\t\t<div class=\"elementor-element elementor-element-08690bb e-con-full e-flex e-con e-child\" data-id=\"08690bb\" data-element_type=\"container\">\n\t\t\t\t<div class=\"elementor-element elementor-element-94d804e elementor-align-center elementor-mobile-align-justify elementor-widget elementor-widget-button\" data-id=\"94d804e\" data-element_type=\"widget\" data-widget_type=\"button.default\">\n\t\t\t\t\t\t\t\t\t\t<a class=\"elementor-button elementor-button-link elementor-size-sm\" href=\"mailto:zakupy@edwood.pl%20\">\n\t\t\t\t\t\t<span class=\"elementor-button-content-wrapper\">\n\t\t\t\t\t\t<span class=\"elementor-button-icon\">\n\t\t\t\t<svg xmlns=\"http:\/\/www.w3.org\/2000\/svg\" width=\"23\" height=\"22\" viewBox=\"0 0 23 22\" fill=\"none\"><g id=\"envelope\" clip-path=\"url(#clip0_1448_5912)\"><path id=\"Vector\" d=\"M0.5 5.5C0.5 4.77065 0.789731 4.07118 1.30546 3.55546C1.82118 3.03973 2.52065 2.75 3.25 2.75H19.75C20.4793 2.75 21.1788 3.03973 21.6945 3.55546C22.2103 4.07118 22.5 4.77065 22.5 5.5V16.5C22.5 17.2293 22.2103 17.9288 21.6945 18.4445C21.1788 18.9603 20.4793 19.25 19.75 19.25H3.25C2.52065 19.25 1.82118 18.9603 1.30546 18.4445C0.789731 17.9288 0.5 17.2293 0.5 16.5V5.5ZM3.25 4.125C2.88533 4.125 2.53559 4.26987 2.27773 4.52773C2.01987 4.78559 1.875 5.13533 1.875 5.5V5.79838L11.5 11.5734L21.125 5.79838V5.5C21.125 5.13533 20.9801 4.78559 20.7223 4.52773C20.4644 4.26987 20.1147 4.125 19.75 4.125H3.25ZM21.125 7.40162L14.6515 11.286L21.125 15.2694V7.40162ZM21.0782 16.8561L13.3232 12.0835L11.5 13.1766L9.67675 12.0835L1.92175 16.8548C1.99989 17.1473 2.17244 17.406 2.41261 17.5904C2.65279 17.7749 2.94715 17.875 3.25 17.875H19.75C20.0527 17.875 20.3469 17.7752 20.587 17.591C20.8272 17.4068 20.9999 17.1485 21.0782 16.8561ZM1.875 15.2694L8.3485 11.286L1.875 7.40162V15.2694Z\" fill=\"#3F1B00\"><\/path><\/g><defs><clipPath id=\"clip0_1448_5912\"><rect width=\"22\" height=\"22\" fill=\"white\" transform=\"translate(0.5)\"><\/rect><\/clipPath><\/defs><\/svg>\t\t\t<\/span>\n\t\t\t\t\t\t\t\t\t<span class=\"elementor-button-text\">zakupy@edwood.pl <\/span>\n\t\t\t\t\t<\/span>\n\t\t\t\t\t<\/a>\n\t\t\t\t\t\t\t\t<\/div>\n\t\t\t\t<div class=\"elementor-element elementor-element-c2a6aa2 elementor-align-center elementor-mobile-align-justify elementor-widget elementor-widget-button\" data-id=\"c2a6aa2\" data-element_type=\"widget\" data-widget_type=\"button.default\">\n\t\t\t\t\t\t\t\t\t\t<a class=\"elementor-button elementor-button-link elementor-size-sm\" href=\"mailto:zaopatrzenie@edwood.pl\">\n\t\t\t\t\t\t<span class=\"elementor-button-content-wrapper\">\n\t\t\t\t\t\t<span class=\"elementor-button-icon\">\n\t\t\t\t<svg xmlns=\"http:\/\/www.w3.org\/2000\/svg\" width=\"23\" height=\"22\" viewBox=\"0 0 23 22\" fill=\"none\"><g id=\"envelope\" clip-path=\"url(#clip0_1448_5912)\"><path id=\"Vector\" d=\"M0.5 5.5C0.5 4.77065 0.789731 4.07118 1.30546 3.55546C1.82118 3.03973 2.52065 2.75 3.25 2.75H19.75C20.4793 2.75 21.1788 3.03973 21.6945 3.55546C22.2103 4.07118 22.5 4.77065 22.5 5.5V16.5C22.5 17.2293 22.2103 17.9288 21.6945 18.4445C21.1788 18.9603 20.4793 19.25 19.75 19.25H3.25C2.52065 19.25 1.82118 18.9603 1.30546 18.4445C0.789731 17.9288 0.5 17.2293 0.5 16.5V5.5ZM3.25 4.125C2.88533 4.125 2.53559 4.26987 2.27773 4.52773C2.01987 4.78559 1.875 5.13533 1.875 5.5V5.79838L11.5 11.5734L21.125 5.79838V5.5C21.125 5.13533 20.9801 4.78559 20.7223 4.52773C20.4644 4.26987 20.1147 4.125 19.75 4.125H3.25ZM21.125 7.40162L14.6515 11.286L21.125 15.2694V7.40162ZM21.0782 16.8561L13.3232 12.0835L11.5 13.1766L9.67675 12.0835L1.92175 16.8548C1.99989 17.1473 2.17244 17.406 2.41261 17.5904C2.65279 17.7749 2.94715 17.875 3.25 17.875H19.75C20.0527 17.875 20.3469 17.7752 20.587 17.591C20.8272 17.4068 20.9999 17.1485 21.0782 16.8561ZM1.875 15.2694L8.3485 11.286L1.875 7.40162V15.2694Z\" fill=\"#3F1B00\"><\/path><\/g><defs><clipPath id=\"clip0_1448_5912\"><rect width=\"22\" height=\"22\" fill=\"white\" transform=\"translate(0.5)\"><\/rect><\/clipPath><\/defs><\/svg>\t\t\t<\/span>\n\t\t\t\t\t\t\t\t\t<span class=\"elementor-button-text\">zaopatrzenie@edwood.pl<\/span>\n\t\t\t\t\t<\/span>\n\t\t\t\t\t<\/a>\n\t\t\t\t\t\t\t\t<\/div>\n\t\t\t\t<\/div>\n\t\t\t\t\t<\/div>\n\t\t\t\t<\/div>\n\t\t\t\t<\/div>\n\t\t","protected":false},"excerpt":{"rendered":"<p>F\u00fcr Lieferanten St\u00e4ndige Nachfrage nach gro\u00dfen Mengen von Eichen-, Eschen-, Nussbaum- und Buchenholzelementen in verschiedenen Querschnitten und Qualit\u00e4tsstufen. Wir arbeiten mit Lieferanten aus dem In- und Ausland zusammen. St\u00e4ndige Nachfrage nach gro\u00dfen Mengen von Eichen-, Eschen-, Nussbaum- und Buchenholzteilen in verschiedenen Querschnitten und Qualit\u00e4tsstufen. Wir arbeiten mit Lieferanten aus dem In- und Ausland zusammen. Bitte [&hellip;]<\/p>\n","protected":false},"author":2,"featured_media":0,"parent":0,"menu_order":0,"comment_status":"closed","ping_status":"closed","template":"","meta":{"_acf_changed":false,"footnotes":""},"class_list":["post-7457","page","type-page","status-publish","hentry"],"acf":[],"yoast_head":"<!-- This site is optimized with the Yoast SEO plugin v26.0 - https:\/\/yoast.com\/wordpress\/plugins\/seo\/ -->\n<title>Lieferanten - edwood<\/title>\n<meta name=\"robots\" content=\"index, follow, max-snippet:-1, max-image-preview:large, max-video-preview:-1\" \/>\n<link rel=\"canonical\" href=\"https:\/\/pro.edwood.pl\/de\/lieferanten\/\" \/>\n<meta property=\"og:locale\" content=\"de_DE\" \/>\n<meta property=\"og:type\" content=\"article\" \/>\n<meta property=\"og:title\" content=\"Lieferanten - edwood\" \/>\n<meta property=\"og:description\" content=\"F\u00fcr Lieferanten St\u00e4ndige Nachfrage nach gro\u00dfen Mengen von Eichen-, Eschen-, Nussbaum- und Buchenholzelementen in verschiedenen Querschnitten und Qualit\u00e4tsstufen. Wir arbeiten mit Lieferanten aus dem In- und Ausland zusammen. St\u00e4ndige Nachfrage nach gro\u00dfen Mengen von Eichen-, Eschen-, Nussbaum- und Buchenholzteilen in verschiedenen Querschnitten und Qualit\u00e4tsstufen. Wir arbeiten mit Lieferanten aus dem In- und Ausland zusammen. Bitte [&hellip;]\" \/>\n<meta property=\"og:url\" content=\"https:\/\/pro.edwood.pl\/de\/lieferanten\/\" \/>\n<meta property=\"og:site_name\" content=\"edwood\" \/>\n<meta property=\"article:modified_time\" content=\"2025-06-02T07:19:42+00:00\" \/>\n<meta property=\"og:image\" content=\"https:\/\/pro.edwood.pl\/wp-content\/uploads\/2025\/02\/shutterstock_1764022082-4-2-1024x604.png\" \/>\n<meta name=\"twitter:card\" content=\"summary_large_image\" \/>\n<script type=\"application\/ld+json\" class=\"yoast-schema-graph\">{\"@context\":\"https:\/\/schema.org\",\"@graph\":[{\"@type\":\"WebPage\",\"@id\":\"https:\/\/pro.edwood.pl\/de\/lieferanten\/\",\"url\":\"https:\/\/pro.edwood.pl\/de\/lieferanten\/\",\"name\":\"Lieferanten - edwood\",\"isPartOf\":{\"@id\":\"https:\/\/pro.edwood.pl\/#website\"},\"primaryImageOfPage\":{\"@id\":\"https:\/\/pro.edwood.pl\/de\/lieferanten\/#primaryimage\"},\"image\":{\"@id\":\"https:\/\/pro.edwood.pl\/de\/lieferanten\/#primaryimage\"},\"thumbnailUrl\":\"https:\/\/pro.edwood.pl\/wp-content\/uploads\/2025\/02\/shutterstock_1764022082-4-2-1024x604.png\",\"datePublished\":\"2025-02-14T15:26:48+00:00\",\"dateModified\":\"2025-06-02T07:19:42+00:00\",\"inLanguage\":\"de\",\"potentialAction\":[{\"@type\":\"ReadAction\",\"target\":[\"https:\/\/pro.edwood.pl\/de\/lieferanten\/\"]}]},{\"@type\":\"ImageObject\",\"inLanguage\":\"de\",\"@id\":\"https:\/\/pro.edwood.pl\/de\/lieferanten\/#primaryimage\",\"url\":\"https:\/\/pro.edwood.pl\/wp-content\/uploads\/2025\/02\/shutterstock_1764022082-4-2-1024x604.png\",\"contentUrl\":\"https:\/\/pro.edwood.pl\/wp-content\/uploads\/2025\/02\/shutterstock_1764022082-4-2-1024x604.png\"},{\"@type\":\"WebSite\",\"@id\":\"https:\/\/pro.edwood.pl\/#website\",\"url\":\"https:\/\/pro.edwood.pl\/\",\"name\":\"Edwood - We Are Oak\",\"description\":\"Polish company with a long-standing tradition in oak wood processing, offering products of the highest quality.\",\"alternateName\":\"Edwood - We have been shaping oak for 25 years\",\"potentialAction\":[{\"@type\":\"SearchAction\",\"target\":{\"@type\":\"EntryPoint\",\"urlTemplate\":\"https:\/\/pro.edwood.pl\/?s={search_term_string}\"},\"query-input\":{\"@type\":\"PropertyValueSpecification\",\"valueRequired\":true,\"valueName\":\"search_term_string\"}}],\"inLanguage\":\"de\"}]}<\/script>\n<!-- \/ Yoast SEO plugin. -->","yoast_head_json":{"title":"Lieferanten - edwood","robots":{"index":"index","follow":"follow","max-snippet":"max-snippet:-1","max-image-preview":"max-image-preview:large","max-video-preview":"max-video-preview:-1"},"canonical":"https:\/\/pro.edwood.pl\/de\/lieferanten\/","og_locale":"de_DE","og_type":"article","og_title":"Lieferanten - edwood","og_description":"F\u00fcr Lieferanten St\u00e4ndige Nachfrage nach gro\u00dfen Mengen von Eichen-, Eschen-, Nussbaum- und Buchenholzelementen in verschiedenen Querschnitten und Qualit\u00e4tsstufen. Wir arbeiten mit Lieferanten aus dem In- und Ausland zusammen. St\u00e4ndige Nachfrage nach gro\u00dfen Mengen von Eichen-, Eschen-, Nussbaum- und Buchenholzteilen in verschiedenen Querschnitten und Qualit\u00e4tsstufen. Wir arbeiten mit Lieferanten aus dem In- und Ausland zusammen. Bitte [&hellip;]","og_url":"https:\/\/pro.edwood.pl\/de\/lieferanten\/","og_site_name":"edwood","article_modified_time":"2025-06-02T07:19:42+00:00","og_image":[{"url":"https:\/\/pro.edwood.pl\/wp-content\/uploads\/2025\/02\/shutterstock_1764022082-4-2-1024x604.png","type":"","width":"","height":""}],"twitter_card":"summary_large_image","schema":{"@context":"https:\/\/schema.org","@graph":[{"@type":"WebPage","@id":"https:\/\/pro.edwood.pl\/de\/lieferanten\/","url":"https:\/\/pro.edwood.pl\/de\/lieferanten\/","name":"Lieferanten - edwood","isPartOf":{"@id":"https:\/\/pro.edwood.pl\/#website"},"primaryImageOfPage":{"@id":"https:\/\/pro.edwood.pl\/de\/lieferanten\/#primaryimage"},"image":{"@id":"https:\/\/pro.edwood.pl\/de\/lieferanten\/#primaryimage"},"thumbnailUrl":"https:\/\/pro.edwood.pl\/wp-content\/uploads\/2025\/02\/shutterstock_1764022082-4-2-1024x604.png","datePublished":"2025-02-14T15:26:48+00:00","dateModified":"2025-06-02T07:19:42+00:00","inLanguage":"de","potentialAction":[{"@type":"ReadAction","target":["https:\/\/pro.edwood.pl\/de\/lieferanten\/"]}]},{"@type":"ImageObject","inLanguage":"de","@id":"https:\/\/pro.edwood.pl\/de\/lieferanten\/#primaryimage","url":"https:\/\/pro.edwood.pl\/wp-content\/uploads\/2025\/02\/shutterstock_1764022082-4-2-1024x604.png","contentUrl":"https:\/\/pro.edwood.pl\/wp-content\/uploads\/2025\/02\/shutterstock_1764022082-4-2-1024x604.png"},{"@type":"WebSite","@id":"https:\/\/pro.edwood.pl\/#website","url":"https:\/\/pro.edwood.pl\/","name":"Edwood - We Are Oak","description":"Polish company with a long-standing tradition in oak wood processing, offering products of the highest quality.","alternateName":"Edwood - We have been shaping oak for 25 years","potentialAction":[{"@type":"SearchAction","target":{"@type":"EntryPoint","urlTemplate":"https:\/\/pro.edwood.pl\/?s={search_term_string}"},"query-input":{"@type":"PropertyValueSpecification","valueRequired":true,"valueName":"search_term_string"}}],"inLanguage":"de"}]}},"_links":{"self":[{"href":"https:\/\/pro.edwood.pl\/de\/wp-json\/wp\/v2\/pages\/7457","targetHints":{"allow":["GET"]}}],"collection":[{"href":"https:\/\/pro.edwood.pl\/de\/wp-json\/wp\/v2\/pages"}],"about":[{"href":"https:\/\/pro.edwood.pl\/de\/wp-json\/wp\/v2\/types\/page"}],"author":[{"embeddable":true,"href":"https:\/\/pro.edwood.pl\/de\/wp-json\/wp\/v2\/users\/2"}],"replies":[{"embeddable":true,"href":"https:\/\/pro.edwood.pl\/de\/wp-json\/wp\/v2\/comments?post=7457"}],"version-history":[{"count":7,"href":"https:\/\/pro.edwood.pl\/de\/wp-json\/wp\/v2\/pages\/7457\/revisions"}],"predecessor-version":[{"id":8679,"href":"https:\/\/pro.edwood.pl\/de\/wp-json\/wp\/v2\/pages\/7457\/revisions\/8679"}],"wp:attachment":[{"href":"https:\/\/pro.edwood.pl\/de\/wp-json\/wp\/v2\/media?parent=7457"}],"curies":[{"name":"wp","href":"https:\/\/api.w.org\/{rel}","templated":true}]}}