{"id":7437,"date":"2025-03-03T10:00:24","date_gmt":"2025-03-03T09:00:24","guid":{"rendered":"https:\/\/edwood.pl\/news\/"},"modified":"2025-05-27T18:52:01","modified_gmt":"2025-05-27T16:52:01","slug":"neuigkeiten","status":"publish","type":"page","link":"https:\/\/pro.edwood.pl\/de\/neuigkeiten\/","title":{"rendered":"Neuigkeiten"},"content":{"rendered":"\t\t<div data-elementor-type=\"wp-page\" data-elementor-id=\"7437\" class=\"elementor elementor-7437 elementor-4422\" data-elementor-post-type=\"page\">\n\t\t\t\t<div class=\"elementor-element elementor-element-bcb92f7 e-flex e-con-boxed e-con e-parent\" data-id=\"bcb92f7\" data-element_type=\"container\" data-settings=\"{&quot;background_background&quot;:&quot;classic&quot;}\">\n\t\t\t\t\t<div class=\"e-con-inner\">\n\t\t\t\t<div class=\"elementor-element elementor-element-432c261 elementor-widget elementor-widget-heading\" data-id=\"432c261\" data-element_type=\"widget\" data-widget_type=\"heading.default\">\n\t\t\t\t\t<h2 class=\"elementor-heading-title elementor-size-default\">Neuigkeiten<\/h2>\t\t\t\t<\/div>\n\t\t<div class=\"elementor-element elementor-element-0aca43e e-con-full custom-slider  e-flex e-con e-child\" data-id=\"0aca43e\" data-element_type=\"container\">\n\t\t\t\t<\/div>\n\t\t\t\t\t<\/div>\n\t\t\t\t<\/div>\n\t\t<div class=\"elementor-element elementor-element-e99ccd0 e-flex e-con-boxed e-con e-parent\" data-id=\"e99ccd0\" data-element_type=\"container\">\n\t\t\t\t\t<div class=\"e-con-inner\">\n\t\t\t\t<div class=\"elementor-element elementor-element-fe848a6 elementor-grid-1 elementor-grid-tablet-1 news elementor-grid-mobile-1 elementor-widget elementor-widget-loop-grid\" data-id=\"fe848a6\" data-element_type=\"widget\" data-settings=\"{&quot;template_id&quot;:7923,&quot;columns&quot;:1,&quot;columns_tablet&quot;:1,&quot;row_gap&quot;:{&quot;unit&quot;:&quot;px&quot;,&quot;size&quot;:48,&quot;sizes&quot;:[]},&quot;_skin&quot;:&quot;post&quot;,&quot;columns_mobile&quot;:&quot;1&quot;,&quot;edit_handle_selector&quot;:&quot;[data-elementor-type=\\&quot;loop-item\\&quot;]&quot;,&quot;row_gap_tablet&quot;:{&quot;unit&quot;:&quot;px&quot;,&quot;size&quot;:&quot;&quot;,&quot;sizes&quot;:[]},&quot;row_gap_mobile&quot;:{&quot;unit&quot;:&quot;px&quot;,&quot;size&quot;:&quot;&quot;,&quot;sizes&quot;:[]}}\" data-widget_type=\"loop-grid.post\">\n\t\t\t\t<div class=\"elementor-widget-container\">\n\t\t\t\t\t\t\t<div class=\"elementor-loop-container elementor-grid\" role=\"list\">\n\t\t<style id=\"loop-7923\">.elementor-7923 .elementor-element.elementor-element-584493b{--display:flex;--flex-direction:column;--container-widget-width:100%;--container-widget-height:initial;--container-widget-flex-grow:0;--container-widget-align-self:initial;--flex-wrap-mobile:wrap;--justify-content:space-between;--gap:18px 18px;--row-gap:18px;--column-gap:18px;--padding-top:0px;--padding-bottom:0px;--padding-left:0px;--padding-right:0px;}.elementor-7923 .elementor-element.elementor-element-92fea86{--display:flex;--gap:18px 18px;--row-gap:18px;--column-gap:18px;--padding-top:0px;--padding-bottom:0px;--padding-left:0px;--padding-right:0px;}.elementor-7923 .elementor-element.elementor-element-1c6b30a{width:var( --container-widget-width, 100% );max-width:100%;--container-widget-width:100%;--container-widget-flex-grow:0;}.elementor-7923 .elementor-element.elementor-element-1c6b30a img{width:100%;height:260px;object-fit:cover;object-position:center center;border-radius:20px 20px 20px 20px;}.elementor-7923 .elementor-element.elementor-element-17509c0{font-family:\"DM Sans\", Sans-serif;font-size:16px;text-transform:uppercase;line-height:18px;letter-spacing:1.6px;color:var( --e-global-color-primary );}.elementor-7923 .elementor-element.elementor-element-fb38672 .elementor-heading-title{font-family:\"Lato\", Sans-serif;font-size:22px;font-weight:700;line-height:28px;color:var( --e-global-color-primary );}.elementor-7923 .elementor-element.elementor-element-95e16d1{font-family:\"DM Sans\", Sans-serif;font-size:18px;line-height:30px;color:var( --e-global-color-primary );}@media(min-width:768px){.elementor-7923 .elementor-element.elementor-element-584493b{--content-width:100%;}}@media(max-width:1024px){.elementor-7923 .elementor-element.elementor-element-92fea86{--flex-direction:column;--container-widget-width:100%;--container-widget-height:initial;--container-widget-flex-grow:0;--container-widget-align-self:initial;--flex-wrap-mobile:wrap;}.elementor-7923 .elementor-element.elementor-element-fb38672 .elementor-heading-title{font-size:20px;line-height:26px;}}@media(max-width:767px){.elementor-7923 .elementor-element.elementor-element-1c6b30a img{width:100%;height:100%;}}<\/style>\t\t<div data-elementor-type=\"loop-item\" data-elementor-id=\"7923\" class=\"elementor elementor-7923 elementor-3389 e-loop-item e-loop-item-9721 post-9721 post type-post status-publish format-standard has-post-thumbnail hentry category-events-de\" data-elementor-post-type=\"elementor_library\" data-custom-edit-handle=\"1\">\n\t\t\t<a class=\"elementor-element elementor-element-584493b e-flex e-con-boxed e-con e-parent\" data-id=\"584493b\" data-element_type=\"container\" href=\"https:\/\/pro.edwood.pl\/de\/edwood-gewinnt-den-diament-meblarstwa-2026\/\">\n\t\t\t\t\t<div class=\"e-con-inner\">\n\t\t<div class=\"elementor-element elementor-element-92fea86 e-con-full e-flex e-con e-child\" data-id=\"92fea86\" data-element_type=\"container\">\n\t\t\t\t<div class=\"elementor-element elementor-element-1c6b30a elementor-widget__width-initial elementor-widget elementor-widget-image\" data-id=\"1c6b30a\" data-element_type=\"widget\" data-widget_type=\"image.default\">\n\t\t\t\t\t\t\t\t\t\t\t\t\t\t\t<img fetchpriority=\"high\" decoding=\"async\" width=\"1024\" height=\"633\" src=\"https:\/\/pro.edwood.pl\/wp-content\/uploads\/2025\/10\/Diament-Meblarstwa-1024x633-1.jpg\" class=\"attachment-full size-full wp-image-9718\" alt=\"System SI z kolekcji Pure Wood Collection - prezentacja produktu.\" srcset=\"https:\/\/pro.edwood.pl\/wp-content\/uploads\/2025\/10\/Diament-Meblarstwa-1024x633-1.jpg 1024w, https:\/\/pro.edwood.pl\/wp-content\/uploads\/2025\/10\/Diament-Meblarstwa-1024x633-1-300x185.jpg 300w, https:\/\/pro.edwood.pl\/wp-content\/uploads\/2025\/10\/Diament-Meblarstwa-1024x633-1-768x475.jpg 768w\" sizes=\"(max-width: 1024px) 100vw, 1024px\" \/>\t\t\t\t\t\t\t\t\t\t\t\t\t\t\t<\/div>\n\t\t\t\t<div class=\"elementor-element elementor-element-17509c0 elementor-widget elementor-widget-text-editor\" data-id=\"17509c0\" data-element_type=\"widget\" data-widget_type=\"text-editor.default\">\n\t\t\t\t\t\t\t\t\t<span>Events<\/span>\t\t\t\t\t\t\t\t<\/div>\n\t\t\t\t<div class=\"elementor-element elementor-element-fb38672 elementor-widget elementor-widget-heading\" data-id=\"fb38672\" data-element_type=\"widget\" data-widget_type=\"heading.default\">\n\t\t\t\t\t<h2 class=\"elementor-heading-title elementor-size-default\">Edwood gewinnt den Diament Meblarstwa 2026!<\/h2>\t\t\t\t<\/div>\n\t\t\t\t<div class=\"elementor-element elementor-element-95e16d1 margin-top-0 elementor-widget elementor-widget-theme-post-excerpt\" data-id=\"95e16d1\" data-element_type=\"widget\" data-widget_type=\"theme-post-excerpt.default\">\n\t\t\t\t\tEdwood mit dem Diament Meblarstwa 2026! Unser SI-System aus der Pure Wood Collection wurde in der Kategorie \u201eAusstattung\u201d ausgezeichnet.\t\t\t\t<\/div>\n\t\t\t\t<\/div>\n\t\t\t\t\t<\/div>\n\t\t\t\t<\/a>\n\t\t\t\t<\/div>\n\t\t\t\t<div data-elementor-type=\"loop-item\" data-elementor-id=\"7923\" class=\"elementor elementor-7923 elementor-3389 e-loop-item e-loop-item-9631 post-9631 post type-post status-publish format-standard has-post-thumbnail hentry category-events-de\" data-elementor-post-type=\"elementor_library\" data-custom-edit-handle=\"1\">\n\t\t\t<a class=\"elementor-element elementor-element-584493b e-flex e-con-boxed e-con e-parent\" data-id=\"584493b\" data-element_type=\"container\" href=\"https:\/\/pro.edwood.pl\/de\/edwood-auf-der-sicam-2025-in-pordenone\/\">\n\t\t\t\t\t<div class=\"e-con-inner\">\n\t\t<div class=\"elementor-element elementor-element-92fea86 e-con-full e-flex e-con e-child\" data-id=\"92fea86\" data-element_type=\"container\">\n\t\t\t\t<div class=\"elementor-element elementor-element-1c6b30a elementor-widget__width-initial elementor-widget elementor-widget-image\" data-id=\"1c6b30a\" data-element_type=\"widget\" data-widget_type=\"image.default\">\n\t\t\t\t\t\t\t\t\t\t\t\t\t\t\t<img decoding=\"async\" width=\"1080\" height=\"668\" src=\"https:\/\/pro.edwood.pl\/wp-content\/uploads\/2025\/10\/targi-SICAM-1080x668-v1-1.jpg\" class=\"attachment-full size-full wp-image-9640\" alt=\"\" srcset=\"https:\/\/pro.edwood.pl\/wp-content\/uploads\/2025\/10\/targi-SICAM-1080x668-v1-1.jpg 1080w, https:\/\/pro.edwood.pl\/wp-content\/uploads\/2025\/10\/targi-SICAM-1080x668-v1-1-300x186.jpg 300w, https:\/\/pro.edwood.pl\/wp-content\/uploads\/2025\/10\/targi-SICAM-1080x668-v1-1-1024x633.jpg 1024w, https:\/\/pro.edwood.pl\/wp-content\/uploads\/2025\/10\/targi-SICAM-1080x668-v1-1-768x475.jpg 768w\" sizes=\"(max-width: 1080px) 100vw, 1080px\" \/>\t\t\t\t\t\t\t\t\t\t\t\t\t\t\t<\/div>\n\t\t\t\t<div class=\"elementor-element elementor-element-17509c0 elementor-widget elementor-widget-text-editor\" data-id=\"17509c0\" data-element_type=\"widget\" data-widget_type=\"text-editor.default\">\n\t\t\t\t\t\t\t\t\t<span>Events<\/span>\t\t\t\t\t\t\t\t<\/div>\n\t\t\t\t<div class=\"elementor-element elementor-element-fb38672 elementor-widget elementor-widget-heading\" data-id=\"fb38672\" data-element_type=\"widget\" data-widget_type=\"heading.default\">\n\t\t\t\t\t<h2 class=\"elementor-heading-title elementor-size-default\">Edwood auf der SICAM 2025 in Pordenone<\/h2>\t\t\t\t<\/div>\n\t\t\t\t<div class=\"elementor-element elementor-element-95e16d1 margin-top-0 elementor-widget elementor-widget-theme-post-excerpt\" data-id=\"95e16d1\" data-element_type=\"widget\" data-widget_type=\"theme-post-excerpt.default\">\n\t\t\t\t\tVom 14. bis 17. Oktober 2025 pr\u00e4sentieren wir unser Angebot auf der internationalen Fachmesse SICAM in Pordenone (Italien) \u2013 einer der wichtigsten Veranstaltungen f\u00fcr die M\u00f6belindustrie und Hersteller von Holzkomponenten in Europa.\t\t\t\t<\/div>\n\t\t\t\t<\/div>\n\t\t\t\t\t<\/div>\n\t\t\t\t<\/a>\n\t\t\t\t<\/div>\n\t\t\t\t<div data-elementor-type=\"loop-item\" data-elementor-id=\"7923\" class=\"elementor elementor-7923 elementor-3389 e-loop-item e-loop-item-7899 post-7899 post type-post status-publish format-standard has-post-thumbnail hentry category-events-de\" data-elementor-post-type=\"elementor_library\" data-custom-edit-handle=\"1\">\n\t\t\t<a class=\"elementor-element elementor-element-584493b e-flex e-con-boxed e-con e-parent\" data-id=\"584493b\" data-element_type=\"container\" href=\"https:\/\/pro.edwood.pl\/de\/edwood-auf-der-interzum-2025-in-koeln\/\">\n\t\t\t\t\t<div class=\"e-con-inner\">\n\t\t<div class=\"elementor-element elementor-element-92fea86 e-con-full e-flex e-con e-child\" data-id=\"92fea86\" data-element_type=\"container\">\n\t\t\t\t<div class=\"elementor-element elementor-element-1c6b30a elementor-widget__width-initial elementor-widget elementor-widget-image\" data-id=\"1c6b30a\" data-element_type=\"widget\" data-widget_type=\"image.default\">\n\t\t\t\t\t\t\t\t\t\t\t\t\t\t\t<img decoding=\"async\" width=\"1080\" height=\"668\" src=\"https:\/\/pro.edwood.pl\/wp-content\/uploads\/2025\/03\/Kolonia-strona.png\" class=\"attachment-full size-full wp-image-7343\" alt=\"\" srcset=\"https:\/\/pro.edwood.pl\/wp-content\/uploads\/2025\/03\/Kolonia-strona.png 1080w, https:\/\/pro.edwood.pl\/wp-content\/uploads\/2025\/03\/Kolonia-strona-300x186.png 300w, https:\/\/pro.edwood.pl\/wp-content\/uploads\/2025\/03\/Kolonia-strona-1024x633.png 1024w, https:\/\/pro.edwood.pl\/wp-content\/uploads\/2025\/03\/Kolonia-strona-768x475.png 768w\" sizes=\"(max-width: 1080px) 100vw, 1080px\" \/>\t\t\t\t\t\t\t\t\t\t\t\t\t\t\t<\/div>\n\t\t\t\t<div class=\"elementor-element elementor-element-17509c0 elementor-widget elementor-widget-text-editor\" data-id=\"17509c0\" data-element_type=\"widget\" data-widget_type=\"text-editor.default\">\n\t\t\t\t\t\t\t\t\t<span>Events<\/span>\t\t\t\t\t\t\t\t<\/div>\n\t\t\t\t<div class=\"elementor-element elementor-element-fb38672 elementor-widget elementor-widget-heading\" data-id=\"fb38672\" data-element_type=\"widget\" data-widget_type=\"heading.default\">\n\t\t\t\t\t<h2 class=\"elementor-heading-title elementor-size-default\">Edwood auf der Interzum 2025 in K\u00f6ln<\/h2>\t\t\t\t<\/div>\n\t\t\t\t<div class=\"elementor-element elementor-element-95e16d1 margin-top-0 elementor-widget elementor-widget-theme-post-excerpt\" data-id=\"95e16d1\" data-element_type=\"widget\" data-widget_type=\"theme-post-excerpt.default\">\n\t\t\t\t\tWir sind stolz darauf, unsere Teilnahme an der Interzum-Messe in K\u00f6ln ank\u00fcndigen zu d\u00fcrfen. Diese angesehene Veranstaltung ist die perfekte Gelegenheit, die neuesten L\u00f6sungen von Edwood zu pr\u00e4sentieren und Kontakte zu Branchenexperten zu kn\u00fcpfen.\t\t\t\t<\/div>\n\t\t\t\t<\/div>\n\t\t\t\t\t<\/div>\n\t\t\t\t<\/a>\n\t\t\t\t<\/div>\n\t\t\t\t<div data-elementor-type=\"loop-item\" data-elementor-id=\"7923\" class=\"elementor elementor-7923 elementor-3389 e-loop-item e-loop-item-7902 post-7902 post type-post status-publish format-standard has-post-thumbnail hentry category-events-de\" data-elementor-post-type=\"elementor_library\" data-custom-edit-handle=\"1\">\n\t\t\t<a class=\"elementor-element elementor-element-584493b e-flex e-con-boxed e-con e-parent\" data-id=\"584493b\" data-element_type=\"container\" href=\"https:\/\/pro.edwood.pl\/de\/indiawood-2025\/\">\n\t\t\t\t\t<div class=\"e-con-inner\">\n\t\t<div class=\"elementor-element elementor-element-92fea86 e-con-full e-flex e-con e-child\" data-id=\"92fea86\" data-element_type=\"container\">\n\t\t\t\t<div class=\"elementor-element elementor-element-1c6b30a elementor-widget__width-initial elementor-widget elementor-widget-image\" data-id=\"1c6b30a\" data-element_type=\"widget\" data-widget_type=\"image.default\">\n\t\t\t\t\t\t\t\t\t\t\t\t\t\t\t<img loading=\"lazy\" decoding=\"async\" width=\"1200\" height=\"800\" src=\"https:\/\/pro.edwood.pl\/wp-content\/uploads\/2025\/03\/EdWood__0703-scaled-e1741177731758.jpg\" class=\"attachment-full size-full wp-image-6691\" alt=\"\" \/>\t\t\t\t\t\t\t\t\t\t\t\t\t\t\t<\/div>\n\t\t\t\t<div class=\"elementor-element elementor-element-17509c0 elementor-widget elementor-widget-text-editor\" data-id=\"17509c0\" data-element_type=\"widget\" data-widget_type=\"text-editor.default\">\n\t\t\t\t\t\t\t\t\t<span>Events<\/span>\t\t\t\t\t\t\t\t<\/div>\n\t\t\t\t<div class=\"elementor-element elementor-element-fb38672 elementor-widget elementor-widget-heading\" data-id=\"fb38672\" data-element_type=\"widget\" data-widget_type=\"heading.default\">\n\t\t\t\t\t<h2 class=\"elementor-heading-title elementor-size-default\">IndiaWood 2025<\/h2>\t\t\t\t<\/div>\n\t\t\t\t<div class=\"elementor-element elementor-element-95e16d1 margin-top-0 elementor-widget elementor-widget-theme-post-excerpt\" data-id=\"95e16d1\" data-element_type=\"widget\" data-widget_type=\"theme-post-excerpt.default\">\n\t\t\t\t\tEdwood auf der IndiaWood 2025 \u2013 Treffen wir uns im Herzen der Innovation f\u00fcr die holzverarbeitende Industrie!\t\t\t\t<\/div>\n\t\t\t\t<\/div>\n\t\t\t\t\t<\/div>\n\t\t\t\t<\/a>\n\t\t\t\t<\/div>\n\t\t\t\t<div data-elementor-type=\"loop-item\" data-elementor-id=\"7923\" class=\"elementor elementor-7923 elementor-3389 e-loop-item e-loop-item-7905 post-7905 post type-post status-publish format-standard has-post-thumbnail hentry category-events-de\" data-elementor-post-type=\"elementor_library\" data-custom-edit-handle=\"1\">\n\t\t\t<a class=\"elementor-element elementor-element-584493b e-flex e-con-boxed e-con e-parent\" data-id=\"584493b\" data-element_type=\"container\" href=\"https:\/\/pro.edwood.pl\/de\/bau-deutschland\/\">\n\t\t\t\t\t<div class=\"e-con-inner\">\n\t\t<div class=\"elementor-element elementor-element-92fea86 e-con-full e-flex e-con e-child\" data-id=\"92fea86\" data-element_type=\"container\">\n\t\t\t\t<div class=\"elementor-element elementor-element-1c6b30a elementor-widget__width-initial elementor-widget elementor-widget-image\" data-id=\"1c6b30a\" data-element_type=\"widget\" data-widget_type=\"image.default\">\n\t\t\t\t\t\t\t\t\t\t\t\t\t\t\t<img loading=\"lazy\" decoding=\"async\" width=\"1220\" height=\"660\" src=\"https:\/\/pro.edwood.pl\/wp-content\/uploads\/2025\/02\/image-8.png\" class=\"attachment-full size-full wp-image-6203\" alt=\"\" srcset=\"https:\/\/pro.edwood.pl\/wp-content\/uploads\/2025\/02\/image-8.png 1220w, https:\/\/pro.edwood.pl\/wp-content\/uploads\/2025\/02\/image-8-300x162.png 300w, https:\/\/pro.edwood.pl\/wp-content\/uploads\/2025\/02\/image-8-1024x554.png 1024w, https:\/\/pro.edwood.pl\/wp-content\/uploads\/2025\/02\/image-8-768x415.png 768w\" sizes=\"(max-width: 1220px) 100vw, 1220px\" \/>\t\t\t\t\t\t\t\t\t\t\t\t\t\t\t<\/div>\n\t\t\t\t<div class=\"elementor-element elementor-element-17509c0 elementor-widget elementor-widget-text-editor\" data-id=\"17509c0\" data-element_type=\"widget\" data-widget_type=\"text-editor.default\">\n\t\t\t\t\t\t\t\t\t<span>Events<\/span>\t\t\t\t\t\t\t\t<\/div>\n\t\t\t\t<div class=\"elementor-element elementor-element-fb38672 elementor-widget elementor-widget-heading\" data-id=\"fb38672\" data-element_type=\"widget\" data-widget_type=\"heading.default\">\n\t\t\t\t\t<h2 class=\"elementor-heading-title elementor-size-default\">BAU Deutschland<\/h2>\t\t\t\t<\/div>\n\t\t\t\t<div class=\"elementor-element elementor-element-95e16d1 margin-top-0 elementor-widget elementor-widget-theme-post-excerpt\" data-id=\"95e16d1\" data-element_type=\"widget\" data-widget_type=\"theme-post-excerpt.default\">\n\t\t\t\t\tWir sind stolz darauf, unsere Teilnahme an der BAU-Messe in M\u00fcnchen ank\u00fcndigen zu d\u00fcrfen. Diese renommierte Veranstaltung bietet immer die perfekte Gelegenheit, unsere neuesten Innovationen zu pr\u00e4sentieren und Kontakte zu Branchenexperten zu kn\u00fcpfen.\t\t\t\t<\/div>\n\t\t\t\t<\/div>\n\t\t\t\t\t<\/div>\n\t\t\t\t<\/a>\n\t\t\t\t<\/div>\n\t\t\t\t<div data-elementor-type=\"loop-item\" data-elementor-id=\"7923\" class=\"elementor elementor-7923 elementor-3389 e-loop-item e-loop-item-7908 post-7908 post type-post status-publish format-standard has-post-thumbnail hentry category-events-de\" data-elementor-post-type=\"elementor_library\" data-custom-edit-handle=\"1\">\n\t\t\t<a class=\"elementor-element elementor-element-584493b e-flex e-con-boxed e-con e-parent\" data-id=\"584493b\" data-element_type=\"container\" href=\"https:\/\/pro.edwood.pl\/de\/nkba-las-vegas-2\/\">\n\t\t\t\t\t<div class=\"e-con-inner\">\n\t\t<div class=\"elementor-element elementor-element-92fea86 e-con-full e-flex e-con e-child\" data-id=\"92fea86\" data-element_type=\"container\">\n\t\t\t\t<div class=\"elementor-element elementor-element-1c6b30a elementor-widget__width-initial elementor-widget elementor-widget-image\" data-id=\"1c6b30a\" data-element_type=\"widget\" data-widget_type=\"image.default\">\n\t\t\t\t\t\t\t\t\t\t\t\t\t\t\t<img loading=\"lazy\" decoding=\"async\" width=\"1080\" height=\"668\" src=\"https:\/\/pro.edwood.pl\/wp-content\/uploads\/2025\/03\/LasVegas-4-wybrane-e1741177533223.jpg\" class=\"attachment-full size-full wp-image-6687\" alt=\"\" srcset=\"https:\/\/pro.edwood.pl\/wp-content\/uploads\/2025\/03\/LasVegas-4-wybrane-e1741177533223.jpg 1080w, https:\/\/pro.edwood.pl\/wp-content\/uploads\/2025\/03\/LasVegas-4-wybrane-e1741177533223-300x186.jpg 300w, https:\/\/pro.edwood.pl\/wp-content\/uploads\/2025\/03\/LasVegas-4-wybrane-e1741177533223-1024x633.jpg 1024w, https:\/\/pro.edwood.pl\/wp-content\/uploads\/2025\/03\/LasVegas-4-wybrane-e1741177533223-768x475.jpg 768w\" sizes=\"(max-width: 1080px) 100vw, 1080px\" \/>\t\t\t\t\t\t\t\t\t\t\t\t\t\t\t<\/div>\n\t\t\t\t<div class=\"elementor-element elementor-element-17509c0 elementor-widget elementor-widget-text-editor\" data-id=\"17509c0\" data-element_type=\"widget\" data-widget_type=\"text-editor.default\">\n\t\t\t\t\t\t\t\t\t<span>Events<\/span>\t\t\t\t\t\t\t\t<\/div>\n\t\t\t\t<div class=\"elementor-element elementor-element-fb38672 elementor-widget elementor-widget-heading\" data-id=\"fb38672\" data-element_type=\"widget\" data-widget_type=\"heading.default\">\n\t\t\t\t\t<h2 class=\"elementor-heading-title elementor-size-default\">NKBA Las Vegas<\/h2>\t\t\t\t<\/div>\n\t\t\t\t<div class=\"elementor-element elementor-element-95e16d1 margin-top-0 elementor-widget elementor-widget-theme-post-excerpt\" data-id=\"95e16d1\" data-element_type=\"widget\" data-widget_type=\"theme-post-excerpt.default\">\n\t\t\t\t\tWir freuen uns, Sie zur KBIS in Las Vegas einladen zu d\u00fcrfen \u2013 der gr\u00f6\u00dften und wichtigsten Fachmesse f\u00fcr K\u00fcchen und B\u00e4der in Nordamerika! Wir sind stolz darauf, Teil einer Branche zu sein, die Innovation, Design und Technologie vereint.\t\t\t\t<\/div>\n\t\t\t\t<\/div>\n\t\t\t\t\t<\/div>\n\t\t\t\t<\/a>\n\t\t\t\t<\/div>\n\t\t\t\t<\/div>\n\t\t\n\t\t\t\t\t\t<\/div>\n\t\t\t\t<\/div>\n\t\t\t\t\t<\/div>\n\t\t\t\t<\/div>\n\t\t\t\t<\/div>\n\t\t","protected":false},"excerpt":{"rendered":"<p>Neuigkeiten<\/p>\n","protected":false},"author":2,"featured_media":0,"parent":0,"menu_order":0,"comment_status":"closed","ping_status":"closed","template":"","meta":{"_acf_changed":false,"footnotes":""},"class_list":["post-7437","page","type-page","status-publish","hentry"],"acf":[],"yoast_head":"<!-- This site is optimized with the Yoast SEO plugin v26.0 - https:\/\/yoast.com\/wordpress\/plugins\/seo\/ -->\n<title>Neuigkeiten - edwood<\/title>\n<meta name=\"robots\" content=\"index, follow, max-snippet:-1, max-image-preview:large, max-video-preview:-1\" \/>\n<link rel=\"canonical\" href=\"https:\/\/pro.edwood.pl\/de\/neuigkeiten\/\" \/>\n<meta property=\"og:locale\" content=\"de_DE\" \/>\n<meta property=\"og:type\" content=\"article\" \/>\n<meta property=\"og:title\" content=\"Neuigkeiten - edwood\" \/>\n<meta property=\"og:description\" content=\"Neuigkeiten\" \/>\n<meta property=\"og:url\" content=\"https:\/\/pro.edwood.pl\/de\/neuigkeiten\/\" \/>\n<meta property=\"og:site_name\" content=\"edwood\" \/>\n<meta property=\"article:modified_time\" content=\"2025-05-27T16:52:01+00:00\" \/>\n<meta name=\"twitter:card\" content=\"summary_large_image\" \/>\n<script type=\"application\/ld+json\" class=\"yoast-schema-graph\">{\"@context\":\"https:\/\/schema.org\",\"@graph\":[{\"@type\":\"WebPage\",\"@id\":\"https:\/\/pro.edwood.pl\/de\/neuigkeiten\/\",\"url\":\"https:\/\/pro.edwood.pl\/de\/neuigkeiten\/\",\"name\":\"Neuigkeiten - edwood\",\"isPartOf\":{\"@id\":\"https:\/\/pro.edwood.pl\/#website\"},\"datePublished\":\"2025-03-03T09:00:24+00:00\",\"dateModified\":\"2025-05-27T16:52:01+00:00\",\"inLanguage\":\"de\",\"potentialAction\":[{\"@type\":\"ReadAction\",\"target\":[\"https:\/\/pro.edwood.pl\/de\/neuigkeiten\/\"]}]},{\"@type\":\"WebSite\",\"@id\":\"https:\/\/pro.edwood.pl\/#website\",\"url\":\"https:\/\/pro.edwood.pl\/\",\"name\":\"Edwood - We Are Oak\",\"description\":\"Polish company with a long-standing tradition in oak wood processing, offering products of the highest quality.\",\"alternateName\":\"Edwood - We have been shaping oak for 25 years\",\"potentialAction\":[{\"@type\":\"SearchAction\",\"target\":{\"@type\":\"EntryPoint\",\"urlTemplate\":\"https:\/\/pro.edwood.pl\/?s={search_term_string}\"},\"query-input\":{\"@type\":\"PropertyValueSpecification\",\"valueRequired\":true,\"valueName\":\"search_term_string\"}}],\"inLanguage\":\"de\"}]}<\/script>\n<!-- \/ Yoast SEO plugin. -->","yoast_head_json":{"title":"Neuigkeiten - edwood","robots":{"index":"index","follow":"follow","max-snippet":"max-snippet:-1","max-image-preview":"max-image-preview:large","max-video-preview":"max-video-preview:-1"},"canonical":"https:\/\/pro.edwood.pl\/de\/neuigkeiten\/","og_locale":"de_DE","og_type":"article","og_title":"Neuigkeiten - edwood","og_description":"Neuigkeiten","og_url":"https:\/\/pro.edwood.pl\/de\/neuigkeiten\/","og_site_name":"edwood","article_modified_time":"2025-05-27T16:52:01+00:00","twitter_card":"summary_large_image","schema":{"@context":"https:\/\/schema.org","@graph":[{"@type":"WebPage","@id":"https:\/\/pro.edwood.pl\/de\/neuigkeiten\/","url":"https:\/\/pro.edwood.pl\/de\/neuigkeiten\/","name":"Neuigkeiten - edwood","isPartOf":{"@id":"https:\/\/pro.edwood.pl\/#website"},"datePublished":"2025-03-03T09:00:24+00:00","dateModified":"2025-05-27T16:52:01+00:00","inLanguage":"de","potentialAction":[{"@type":"ReadAction","target":["https:\/\/pro.edwood.pl\/de\/neuigkeiten\/"]}]},{"@type":"WebSite","@id":"https:\/\/pro.edwood.pl\/#website","url":"https:\/\/pro.edwood.pl\/","name":"Edwood - We Are Oak","description":"Polish company with a long-standing tradition in oak wood processing, offering products of the highest quality.","alternateName":"Edwood - We have been shaping oak for 25 years","potentialAction":[{"@type":"SearchAction","target":{"@type":"EntryPoint","urlTemplate":"https:\/\/pro.edwood.pl\/?s={search_term_string}"},"query-input":{"@type":"PropertyValueSpecification","valueRequired":true,"valueName":"search_term_string"}}],"inLanguage":"de"}]}},"_links":{"self":[{"href":"https:\/\/pro.edwood.pl\/de\/wp-json\/wp\/v2\/pages\/7437","targetHints":{"allow":["GET"]}}],"collection":[{"href":"https:\/\/pro.edwood.pl\/de\/wp-json\/wp\/v2\/pages"}],"about":[{"href":"https:\/\/pro.edwood.pl\/de\/wp-json\/wp\/v2\/types\/page"}],"author":[{"embeddable":true,"href":"https:\/\/pro.edwood.pl\/de\/wp-json\/wp\/v2\/users\/2"}],"replies":[{"embeddable":true,"href":"https:\/\/pro.edwood.pl\/de\/wp-json\/wp\/v2\/comments?post=7437"}],"version-history":[{"count":4,"href":"https:\/\/pro.edwood.pl\/de\/wp-json\/wp\/v2\/pages\/7437\/revisions"}],"predecessor-version":[{"id":8127,"href":"https:\/\/pro.edwood.pl\/de\/wp-json\/wp\/v2\/pages\/7437\/revisions\/8127"}],"wp:attachment":[{"href":"https:\/\/pro.edwood.pl\/de\/wp-json\/wp\/v2\/media?parent=7437"}],"curies":[{"name":"wp","href":"https:\/\/api.w.org\/{rel}","templated":true}]}}